{"id":6622,"date":"2020-12-22T17:20:30","date_gmt":"2020-12-22T17:20:30","guid":{"rendered":"https:\/\/themedemo.commercegurus.com\/shoptimizer-demodata\/?page_id=6622"},"modified":"2021-07-27T14:04:57","modified_gmt":"2021-07-27T12:04:57","slug":"home","status":"publish","type":"page","link":"https:\/\/drago-petrcani.com\/de\/","title":{"rendered":"Home"},"content":{"rendered":"<div data-elementor-type=\"wp-page\" data-elementor-id=\"6622\" class=\"elementor elementor-6622\" data-elementor-post-type=\"page\">\n\t\t\t\t\t\t<section class=\"elementor-section elementor-top-section elementor-element elementor-element-67fec115 lazy-background elementor-section-content-middle elementor-section-height-min-height elementor-section-boxed elementor-section-height-default elementor-section-items-middle\" data-id=\"67fec115\" data-element_type=\"section\" data-settings=\"{&quot;background_background&quot;:&quot;classic&quot;}\">\n\t\t\t\t\t\t\t<div class=\"elementor-background-overlay\"><\/div>\n\t\t\t\t\t\t\t<div class=\"elementor-container elementor-column-gap-default\">\n\t\t\t\t\t<div class=\"elementor-column elementor-col-100 elementor-top-column elementor-element elementor-element-5bfc3e59\" data-id=\"5bfc3e59\" data-element_type=\"column\">\n\t\t\t<div class=\"elementor-widget-wrap elementor-element-populated\">\n\t\t\t\t\t\t<section class=\"elementor-section elementor-inner-section elementor-element elementor-element-22300c58 custom-elementor-grid elementor-section-boxed elementor-section-height-default elementor-section-height-default\" data-id=\"22300c58\" data-element_type=\"section\">\n\t\t\t\t\t\t<div class=\"elementor-container elementor-column-gap-default\">\n\t\t\t\t\t<div class=\"elementor-column elementor-col-100 elementor-inner-column elementor-element elementor-element-491b3797\" data-id=\"491b3797\" data-element_type=\"column\">\n\t\t\t<div class=\"elementor-widget-wrap elementor-element-populated\">\n\t\t\t\t\t\t<div class=\"elementor-element elementor-element-5c4af4a elementor-widget elementor-widget-slider_revolution\" data-id=\"5c4af4a\" data-element_type=\"widget\" data-widget_type=\"slider_revolution.default\">\n\t\t\t\t<div class=\"elementor-widget-container\">\n\t\t\t\n\t\t<div class=\"wp-block-themepunch-revslider\">\n\t\t\t<!-- START Slider 1 REVOLUTION SLIDER 6.7.21 --><p class=\"rs-p-wp-fix\"><\/p>\n\t\t\t<rs-module-wrap id=\"rev_slider_1_1_wrapper\" data-source=\"gallery\" style=\"visibility:hidden;background:transparent;padding:0;margin:0px auto;margin-top:0;margin-bottom:0;\">\n\t\t\t\t<rs-module id=\"rev_slider_1_1\" style=\"\" data-version=\"6.7.21\">\n\t\t\t\t\t<rs-slides style=\"overflow: hidden; position: absolute;\">\n\t\t\t\t\t\t<rs-slide style=\"position: absolute;\" data-key=\"rs-1\" data-title=\"Slide\" data-anim=\"adpr:false;\" data-in=\"o:0;\" data-out=\"a:false;\">\n\t\t\t\t\t\t\t<img decoding=\"async\" src=\"\/\/drago-petrcani.com\/wp-content\/plugins\/revslider\/sr6\/assets\/assets\/dummy.png\" alt=\"Slide\" title=\"Home\" class=\"rev-slidebg tp-rs-img rs-lazyload\" data-lazyload=\"\/\/drago-petrcani.com\/wp-content\/plugins\/revslider\/sr6\/assets\/assets\/transparent.png\" data-no-retina>\n<!--\n\t\t\t\t\t\t\t--><rs-layer\n\t\t\t\t\t\t\t\tid=\"slider-1-slide-1-layer-0\" \n\t\t\t\t\t\t\t\tdata-type=\"image\"\n\t\t\t\t\t\t\t\tdata-rsp_ch=\"on\"\n\t\t\t\t\t\t\t\tdata-xy=\"x:c;xo:3px,3px,3px,0;y:m;yo:7px,7px,7px,1px;\"\n\t\t\t\t\t\t\t\tdata-text=\"w:normal;s:20,20,20,7;l:0,0,0,9;\"\n\t\t\t\t\t\t\t\tdata-dim=\"w:1920px,1920px,1920px,742px;h:1120px,1120px,1120px,433px;\"\n\t\t\t\t\t\t\t\tdata-frame_999=\"o:0;st:3130;sR:2830;\"\n\t\t\t\t\t\t\t\tstyle=\"z-index:6;\"\n\t\t\t\t\t\t\t><img fetchpriority=\"high\" decoding=\"async\" src=\"\/\/drago-petrcani.com\/wp-content\/plugins\/revslider\/sr6\/assets\/assets\/dummy.png\" alt=\"\" class=\"tp-rs-img rs-lazyload\" width=\"1200\" height=\"700\" data-lazyload=\"\/\/drago-petrcani.com\/wp-content\/uploads\/2025\/08\/more.jpg\" data-no-retina> \n\t\t\t\t\t\t\t<\/rs-layer><!--\n\n\t\t\t\t\t\t\t--><rs-layer\n\t\t\t\t\t\t\t\tid=\"slider-1-slide-1-layer-1\" \n\t\t\t\t\t\t\t\tdata-type=\"image\"\n\t\t\t\t\t\t\t\tdata-rsp_ch=\"on\"\n\t\t\t\t\t\t\t\tdata-xy=\"x:c;xo:5px,5px,5px,1px;y:m;yo:-235px,-235px,-235px,-90px;\"\n\t\t\t\t\t\t\t\tdata-text=\"w:normal;s:20,20,20,7;l:0,0,0,9;\"\n\t\t\t\t\t\t\t\tdata-dim=\"w:1920px,1920px,1920px,825px;h:1280px,1280px,1280px,550px;\"\n\t\t\t\t\t\t\t\tdata-frame_1=\"st:3390;sR:3390;\"\n\t\t\t\t\t\t\t\tdata-frame_999=\"o:0;st:6260;sR:2570;\"\n\t\t\t\t\t\t\t\tstyle=\"z-index:7;\"\n\t\t\t\t\t\t\t><img decoding=\"async\" src=\"\/\/drago-petrcani.com\/wp-content\/plugins\/revslider\/sr6\/assets\/assets\/dummy.png\" alt=\"\" class=\"tp-rs-img rs-lazyload\" width=\"1920\" height=\"1280\" data-lazyload=\"\/\/drago-petrcani.com\/wp-content\/uploads\/2021\/07\/Petrcane.jpg\" data-no-retina> \n\t\t\t\t\t\t\t<\/rs-layer><!--\n\n\t\t\t\t\t\t\t--><rs-layer\n\t\t\t\t\t\t\t\tid=\"slider-1-slide-1-layer-2\" \n\t\t\t\t\t\t\t\tdata-type=\"image\"\n\t\t\t\t\t\t\t\tdata-rsp_ch=\"on\"\n\t\t\t\t\t\t\t\tdata-xy=\"x:c;yo:-30px,-30px,-30px,-11px;\"\n\t\t\t\t\t\t\t\tdata-text=\"w:normal;s:20,20,20,7;l:0,0,0,9;\"\n\t\t\t\t\t\t\t\tdata-dim=\"w:2560px,2560px,2560px,990px;h:1085px,1085px,1085px,419px;\"\n\t\t\t\t\t\t\t\tdata-frame_1=\"st:6480;sR:6480;\"\n\t\t\t\t\t\t\t\tdata-frame_999=\"o:0;st:10730;sR:3950;\"\n\t\t\t\t\t\t\t\tstyle=\"z-index:8;\"\n\t\t\t\t\t\t\t><img decoding=\"async\" src=\"\/\/drago-petrcani.com\/wp-content\/plugins\/revslider\/sr6\/assets\/assets\/dummy.png\" alt=\"\" class=\"tp-rs-img rs-lazyload\" width=\"2560\" height=\"1085\" data-lazyload=\"\/\/drago-petrcani.com\/wp-content\/uploads\/2021\/07\/2560.jpg\" data-no-retina> \n\t\t\t\t\t\t\t<\/rs-layer><!--\n\n\t\t\t\t\t\t\t--><rs-layer\n\t\t\t\t\t\t\t\tid=\"slider-1-slide-1-layer-3\" \n\t\t\t\t\t\t\t\tdata-type=\"text\"\n\t\t\t\t\t\t\t\tdata-rsp_ch=\"on\"\n\t\t\t\t\t\t\t\tdata-xy=\"x:c;y:m;\"\n\t\t\t\t\t\t\t\tdata-text=\"w:normal;s:50,50,50,35;l:65,65,65,40;a:center;\"\n\t\t\t\t\t\t\t\tdata-frame_999=\"o:0;st:w;sR:14700;\"\n\t\t\t\t\t\t\t\tstyle=\"z-index:11;font-family:'Poppins';\"\n\t\t\t\t\t\t\t>Apartmani Petr\u010dane <br \/>Zadar - Hrvatska \n\t\t\t\t\t\t\t<\/rs-layer><!--\n\n\t\t\t\t\t\t\t--><rs-layer\n\t\t\t\t\t\t\t\tid=\"slider-1-slide-1-layer-4\" \n\t\t\t\t\t\t\t\tdata-type=\"shape\"\n\t\t\t\t\t\t\t\tdata-rsp_ch=\"on\"\n\t\t\t\t\t\t\t\tdata-xy=\"x:c;y:m;\"\n\t\t\t\t\t\t\t\tdata-text=\"w:normal;s:20,20,20,7;l:0,0,0,9;\"\n\t\t\t\t\t\t\t\tdata-dim=\"w:593px,593px,593px,400px;h:131px,131px,131px,80px;\"\n\t\t\t\t\t\t\t\tdata-frame_999=\"o:0;st:w;sR:14700;\"\n\t\t\t\t\t\t\t\tstyle=\"z-index:9;background-color:rgba(0,0,0,0.34);\"\n\t\t\t\t\t\t\t> \n\t\t\t\t\t\t\t<\/rs-layer><!--\n\n\t\t\t\t\t\t\t--><rs-layer\n\t\t\t\t\t\t\t\tid=\"slider-1-slide-1-layer-5\" \n\t\t\t\t\t\t\t\tdata-type=\"image\"\n\t\t\t\t\t\t\t\tdata-rsp_ch=\"on\"\n\t\t\t\t\t\t\t\tdata-xy=\"x:c;y:m;\"\n\t\t\t\t\t\t\t\tdata-text=\"w:normal;s:20,20,20,7;l:0,0,0,9;\"\n\t\t\t\t\t\t\t\tdata-dim=\"w:1920px,1920px,1920px,742px;h:1091px,1091px,1091px,421px;\"\n\t\t\t\t\t\t\t\tdata-frame_1=\"st:10850;sR:10850;\"\n\t\t\t\t\t\t\t\tdata-frame_999=\"o:0;st:w;sR:3850;\"\n\t\t\t\t\t\t\t\tstyle=\"z-index:10;\"\n\t\t\t\t\t\t\t><img loading=\"lazy\" decoding=\"async\" src=\"\/\/drago-petrcani.com\/wp-content\/plugins\/revslider\/sr6\/assets\/assets\/dummy.png\" alt=\"\" class=\"tp-rs-img rs-lazyload\" width=\"1250\" height=\"710\" data-lazyload=\"\/\/drago-petrcani.com\/wp-content\/uploads\/2021\/07\/Ashampoo_Snap_2021.07.27_14h09m50s_001_.png\" data-no-retina> \n\t\t\t\t\t\t\t<\/rs-layer><!--\n-->\t\t\t\t\t<\/rs-slide>\n\t\t\t\t\t<\/rs-slides>\n\t\t\t\t<\/rs-module>\n\t\t\t\t<script>\n\t\t\t\t\tsetREVStartSize({c: 'rev_slider_1_1',rl:[1240,1240,1240,480],el:[550,550,550,350],gw:[1240,1240,1240,480],gh:[550,550,550,350],type:'standard',justify:'',layout:'fullwidth',mh:\"0\"});if (window.RS_MODULES!==undefined && window.RS_MODULES.modules!==undefined && window.RS_MODULES.modules[\"revslider11\"]!==undefined) {window.RS_MODULES.modules[\"revslider11\"].once = false;window.revapi1 = undefined;if (window.RS_MODULES.checkMinimal!==undefined) window.RS_MODULES.checkMinimal()}\n\t\t\t\t<\/script>\n\t\t\t<\/rs-module-wrap>\n\t\t\t<!-- END REVOLUTION SLIDER -->\n<\/div>\n\n\t\t\t\t<\/div>\n\t\t\t\t<\/div>\n\t\t\t\t\t<\/div>\n\t\t<\/div>\n\t\t\t\t\t<\/div>\n\t\t<\/section>\n\t\t\t\t\t<\/div>\n\t\t<\/div>\n\t\t\t\t\t<\/div>\n\t\t<\/section>\n\t\t\t\t<section class=\"elementor-section elementor-top-section elementor-element elementor-element-dbcce75 elementor-section-boxed elementor-section-height-default elementor-section-height-default\" data-id=\"dbcce75\" data-element_type=\"section\">\n\t\t\t\t\t\t<div class=\"elementor-container elementor-column-gap-default\">\n\t\t\t\t\t<div class=\"elementor-column elementor-col-100 elementor-top-column elementor-element elementor-element-0577bab\" data-id=\"0577bab\" data-element_type=\"column\">\n\t\t\t<div class=\"elementor-widget-wrap elementor-element-populated\">\n\t\t\t\t\t\t<div class=\"elementor-element elementor-element-14b460d elementor-widget elementor-widget-spacer\" data-id=\"14b460d\" data-element_type=\"widget\" data-widget_type=\"spacer.default\">\n\t\t\t\t<div class=\"elementor-widget-container\">\n\t\t\t\t\t<div class=\"elementor-spacer\">\n\t\t\t<div class=\"elementor-spacer-inner\"><\/div>\n\t\t<\/div>\n\t\t\t\t<\/div>\n\t\t\t\t<\/div>\n\t\t\t\t\t<\/div>\n\t\t<\/div>\n\t\t\t\t\t<\/div>\n\t\t<\/section>\n\t\t\t\t<section class=\"elementor-section elementor-top-section elementor-element elementor-element-a3da633 elementor-section-boxed elementor-section-height-default elementor-section-height-default\" data-id=\"a3da633\" data-element_type=\"section\">\n\t\t\t\t\t\t<div class=\"elementor-container elementor-column-gap-default\">\n\t\t\t\t\t<div class=\"elementor-column elementor-col-100 elementor-top-column elementor-element elementor-element-08b49cf\" data-id=\"08b49cf\" data-element_type=\"column\">\n\t\t\t<div class=\"elementor-widget-wrap elementor-element-populated\">\n\t\t\t\t\t\t<div class=\"elementor-element elementor-element-9cbaac0 elementor-widget elementor-widget-heading\" data-id=\"9cbaac0\" data-element_type=\"widget\" data-widget_type=\"heading.default\">\n\t\t\t\t<div class=\"elementor-widget-container\">\n\t\t\t<h2 class=\"elementor-heading-title elementor-size-default\">Appartements in Kroatien sind eine ausgezeichnete Wahl f\u00fcr Sommerurlaub an der Adria<\/h2>\t\t<\/div>\n\t\t\t\t<\/div>\n\t\t\t\t\t<\/div>\n\t\t<\/div>\n\t\t\t\t\t<\/div>\n\t\t<\/section>\n\t\t\t\t<section class=\"elementor-section elementor-top-section elementor-element elementor-element-549ab71d homepage-features elementor-section-boxed elementor-section-height-default elementor-section-height-default\" data-id=\"549ab71d\" data-element_type=\"section\">\n\t\t\t\t\t\t<div class=\"elementor-container elementor-column-gap-default\">\n\t\t\t\t\t<div class=\"elementor-column elementor-col-33 elementor-top-column elementor-element elementor-element-577146b8\" data-id=\"577146b8\" data-element_type=\"column\">\n\t\t\t<div class=\"elementor-widget-wrap elementor-element-populated\">\n\t\t\t\t\t\t<div class=\"elementor-element elementor-element-0083650 elementor-widget elementor-widget-image\" data-id=\"0083650\" data-element_type=\"widget\" data-widget_type=\"image.default\">\n\t\t\t\t<div class=\"elementor-widget-container\">\n\t\t\t\t\t\t\t\t\t\t\t\t\t<img loading=\"lazy\" decoding=\"async\" width=\"300\" height=\"224\" src=\"https:\/\/drago-petrcani.com\/wp-content\/uploads\/2021\/07\/51273142-300x224-1.jpg\" class=\"attachment-medium size-medium wp-image-6709\" alt=\"\" srcset=\"https:\/\/drago-petrcani.com\/wp-content\/uploads\/2021\/07\/51273142-300x224-1.jpg 300w, https:\/\/drago-petrcani.com\/wp-content\/uploads\/2021\/07\/51273142-300x224-1-16x12.jpg 16w\" sizes=\"(max-width: 360px) 147px, (max-width: 300px) 100vw, 300px\" \/>\t\t\t\t\t\t\t\t\t\t\t\t\t<\/div>\n\t\t\t\t<\/div>\n\t\t\t\t<div class=\"elementor-element elementor-element-16f0cd3 elementor-widget elementor-widget-text-editor\" data-id=\"16f0cd3\" data-element_type=\"widget\" data-widget_type=\"text-editor.default\">\n\t\t\t\t<div class=\"elementor-widget-container\">\n\t\t\t\t\t\t\t<p>Petrcane liegt zwischen Zadar und Nin Es ist 900 Jahre alt kleine touristische Stadt. In Petrcane finden Sie 2 km lange sandige und steinige Strand von Pinien, die Ihnen die M\u00f6glichkeit, in Ruhe und\n\nFrieden und das saubere Meer\n\nentspannen \u00fcben verschiedene Wassersportarten umgeben sein. Unterkunft Angebot Ferienwohnungen, Zimmer, Pensionen, und eine nahe gelegene Lager, und genie\u00dfen Sie dalmatinische Spezialit\u00e4ten<\/p><p>Abgesehen von Zadar und Nin, besuchen Sie die Nationalparks<\/p>\t\t\t\t\t\t<\/div>\n\t\t\t\t<\/div>\n\t\t\t\t<div class=\"elementor-element elementor-element-6f58601 elementor-widget elementor-widget-image\" data-id=\"6f58601\" data-element_type=\"widget\" data-widget_type=\"image.default\">\n\t\t\t\t<div class=\"elementor-widget-container\">\n\t\t\t\t\t\t\t\t\t\t\t\t\t<img loading=\"lazy\" decoding=\"async\" width=\"300\" height=\"200\" src=\"https:\/\/drago-petrcani.com\/wp-content\/uploads\/2021\/07\/71253165-300x200-1.jpg\" class=\"attachment-large size-large wp-image-6729\" alt=\"\" srcset=\"https:\/\/drago-petrcani.com\/wp-content\/uploads\/2021\/07\/71253165-300x200-1.jpg 300w, https:\/\/drago-petrcani.com\/wp-content\/uploads\/2021\/07\/71253165-300x200-1-16x12.jpg 16w\" sizes=\"(max-width: 360px) 147px, (max-width: 300px) 100vw, 300px\" \/>\t\t\t\t\t\t\t\t\t\t\t\t\t<\/div>\n\t\t\t\t<\/div>\n\t\t\t\t\t<\/div>\n\t\t<\/div>\n\t\t\t\t<div class=\"elementor-column elementor-col-33 elementor-top-column elementor-element elementor-element-7a8d305\" data-id=\"7a8d305\" data-element_type=\"column\">\n\t\t\t<div class=\"elementor-widget-wrap elementor-element-populated\">\n\t\t\t\t\t\t<div class=\"elementor-element elementor-element-f000810 elementor-widget elementor-widget-image\" data-id=\"f000810\" data-element_type=\"widget\" data-widget_type=\"image.default\">\n\t\t\t\t<div class=\"elementor-widget-container\">\n\t\t\t\t\t\t\t\t\t\t\t\t\t<img loading=\"lazy\" decoding=\"async\" width=\"300\" height=\"225\" src=\"https:\/\/drago-petrcani.com\/wp-content\/uploads\/2021\/07\/43331759-300x225-1.jpg\" class=\"attachment-large size-large wp-image-6708\" alt=\"\" srcset=\"https:\/\/drago-petrcani.com\/wp-content\/uploads\/2021\/07\/43331759-300x225-1.jpg 300w, https:\/\/drago-petrcani.com\/wp-content\/uploads\/2021\/07\/43331759-300x225-1-16x12.jpg 16w\" sizes=\"(max-width: 360px) 147px, (max-width: 300px) 100vw, 300px\" \/>\t\t\t\t\t\t\t\t\t\t\t\t\t<\/div>\n\t\t\t\t<\/div>\n\t\t\t\t<div class=\"elementor-element elementor-element-68ab4b0 elementor-widget elementor-widget-text-editor\" data-id=\"68ab4b0\" data-element_type=\"widget\" data-widget_type=\"text-editor.default\">\n\t\t\t\t<div class=\"elementor-widget-container\">\n\t\t\t\t\t\t\t<p>Um einen sch\u00f6nen Urlaub zu haben ist es wichtig eine angenehme und ordentliche unterkunft f\u00fcr Familie und Freunde zu haben. Jahrelange erfahrund mit der Vermiettung von zimmern und Apartments und immer sehr zufriedenen g\u00e4sten, die einen angen\u00e4hmen urlaub garantieren.<\/p>\t\t\t\t\t\t<\/div>\n\t\t\t\t<\/div>\n\t\t\t\t<div class=\"elementor-element elementor-element-75cfdc0 elementor-widget elementor-widget-image\" data-id=\"75cfdc0\" data-element_type=\"widget\" data-widget_type=\"image.default\">\n\t\t\t\t<div class=\"elementor-widget-container\">\n\t\t\t\t\t\t\t\t\t\t\t\t\t<img loading=\"lazy\" decoding=\"async\" width=\"300\" height=\"225\" src=\"https:\/\/drago-petrcani.com\/wp-content\/uploads\/2021\/07\/43331770-300x225-1.jpg\" class=\"attachment-large size-large wp-image-6733\" alt=\"\" srcset=\"https:\/\/drago-petrcani.com\/wp-content\/uploads\/2021\/07\/43331770-300x225-1.jpg 300w, https:\/\/drago-petrcani.com\/wp-content\/uploads\/2021\/07\/43331770-300x225-1-16x12.jpg 16w\" sizes=\"(max-width: 360px) 147px, (max-width: 300px) 100vw, 300px\" \/>\t\t\t\t\t\t\t\t\t\t\t\t\t<\/div>\n\t\t\t\t<\/div>\n\t\t\t\t<div class=\"elementor-element elementor-element-c0cb634 elementor-widget elementor-widget-image\" data-id=\"c0cb634\" data-element_type=\"widget\" data-widget_type=\"image.default\">\n\t\t\t\t<div class=\"elementor-widget-container\">\n\t\t\t\t\t\t\t\t\t\t\t\t\t<img loading=\"lazy\" decoding=\"async\" width=\"300\" height=\"224\" src=\"https:\/\/drago-petrcani.com\/wp-content\/uploads\/2021\/07\/51273399-300x224-1.jpg\" class=\"attachment-large size-large wp-image-6734\" alt=\"\" srcset=\"https:\/\/drago-petrcani.com\/wp-content\/uploads\/2021\/07\/51273399-300x224-1.jpg 300w, https:\/\/drago-petrcani.com\/wp-content\/uploads\/2021\/07\/51273399-300x224-1-16x12.jpg 16w\" sizes=\"(max-width: 360px) 147px, (max-width: 300px) 100vw, 300px\" \/>\t\t\t\t\t\t\t\t\t\t\t\t\t<\/div>\n\t\t\t\t<\/div>\n\t\t\t\t\t<\/div>\n\t\t<\/div>\n\t\t\t\t<div class=\"elementor-column elementor-col-33 elementor-top-column elementor-element elementor-element-51a4866\" data-id=\"51a4866\" data-element_type=\"column\">\n\t\t\t<div class=\"elementor-widget-wrap elementor-element-populated\">\n\t\t\t\t\t\t<div class=\"elementor-element elementor-element-971516d elementor-widget elementor-widget-image\" data-id=\"971516d\" data-element_type=\"widget\" data-widget_type=\"image.default\">\n\t\t\t\t<div class=\"elementor-widget-container\">\n\t\t\t\t\t\t\t\t\t\t\t\t\t<img loading=\"lazy\" decoding=\"async\" width=\"300\" height=\"225\" src=\"https:\/\/drago-petrcani.com\/wp-content\/uploads\/2021\/07\/43331757-300x225-1.jpg\" class=\"attachment-large size-large wp-image-6707\" alt=\"\" srcset=\"https:\/\/drago-petrcani.com\/wp-content\/uploads\/2021\/07\/43331757-300x225-1.jpg 300w, https:\/\/drago-petrcani.com\/wp-content\/uploads\/2021\/07\/43331757-300x225-1-16x12.jpg 16w\" sizes=\"(max-width: 360px) 147px, (max-width: 300px) 100vw, 300px\" \/>\t\t\t\t\t\t\t\t\t\t\t\t\t<\/div>\n\t\t\t\t<\/div>\n\t\t\t\t<div class=\"elementor-element elementor-element-c98ae21 elementor-widget elementor-widget-text-editor\" data-id=\"c98ae21\" data-element_type=\"widget\" data-widget_type=\"text-editor.default\">\n\t\t\t\t<div class=\"elementor-widget-container\">\n\t\t\t\t\t\t\t<p>Alle Apartments sind Luxuri\u00f6s ausgestattet mit TV, Satanschlu\u00df und Telefon. Die K\u00fcche ist mit allen K\u00fcchenger\u00e4ten und Geschir ausgestattet. Die Badezimmern sind Modern eingerichtet und die Hygiene ist auf einem hohen Nivou.<\/p>\t\t\t\t\t\t<\/div>\n\t\t\t\t<\/div>\n\t\t\t\t<div class=\"elementor-element elementor-element-c38cc42 elementor-widget elementor-widget-image\" data-id=\"c38cc42\" data-element_type=\"widget\" data-widget_type=\"image.default\">\n\t\t\t\t<div class=\"elementor-widget-container\">\n\t\t\t\t\t\t\t\t\t\t\t\t\t<img loading=\"lazy\" decoding=\"async\" width=\"300\" height=\"225\" src=\"https:\/\/drago-petrcani.com\/wp-content\/uploads\/2021\/07\/43331767-300x225-1.jpg\" class=\"attachment-large size-large wp-image-6738\" alt=\"\" srcset=\"https:\/\/drago-petrcani.com\/wp-content\/uploads\/2021\/07\/43331767-300x225-1.jpg 300w, https:\/\/drago-petrcani.com\/wp-content\/uploads\/2021\/07\/43331767-300x225-1-16x12.jpg 16w\" sizes=\"(max-width: 360px) 147px, (max-width: 300px) 100vw, 300px\" \/>\t\t\t\t\t\t\t\t\t\t\t\t\t<\/div>\n\t\t\t\t<\/div>\n\t\t\t\t<div class=\"elementor-element elementor-element-040c225 elementor-widget elementor-widget-image\" data-id=\"040c225\" data-element_type=\"widget\" data-widget_type=\"image.default\">\n\t\t\t\t<div class=\"elementor-widget-container\">\n\t\t\t\t\t\t\t\t\t\t\t\t\t<img loading=\"lazy\" decoding=\"async\" width=\"300\" height=\"224\" src=\"https:\/\/drago-petrcani.com\/wp-content\/uploads\/2021\/07\/51273486-300x224-1.jpg\" class=\"attachment-large size-large wp-image-6739\" alt=\"\" srcset=\"https:\/\/drago-petrcani.com\/wp-content\/uploads\/2021\/07\/51273486-300x224-1.jpg 300w, https:\/\/drago-petrcani.com\/wp-content\/uploads\/2021\/07\/51273486-300x224-1-16x12.jpg 16w\" sizes=\"(max-width: 360px) 147px, (max-width: 300px) 100vw, 300px\" \/>\t\t\t\t\t\t\t\t\t\t\t\t\t<\/div>\n\t\t\t\t<\/div>\n\t\t\t\t\t<\/div>\n\t\t<\/div>\n\t\t\t\t\t<\/div>\n\t\t<\/section>\n\t\t\t\t<section class=\"elementor-section elementor-top-section elementor-element elementor-element-778131d elementor-section-boxed elementor-section-height-default elementor-section-height-default\" data-id=\"778131d\" data-element_type=\"section\">\n\t\t\t\t\t\t<div class=\"elementor-container elementor-column-gap-default\">\n\t\t\t\t\t<div class=\"elementor-column elementor-col-25 elementor-top-column elementor-element elementor-element-ef51c22\" data-id=\"ef51c22\" data-element_type=\"column\">\n\t\t\t<div class=\"elementor-widget-wrap elementor-element-populated\">\n\t\t\t\t\t\t<div class=\"elementor-element elementor-element-294a462 elementor-widget elementor-widget-image\" data-id=\"294a462\" data-element_type=\"widget\" data-widget_type=\"image.default\">\n\t\t\t\t<div class=\"elementor-widget-container\">\n\t\t\t\t\t\t\t\t\t\t\t\t\t<img loading=\"lazy\" decoding=\"async\" width=\"159\" height=\"68\" src=\"https:\/\/drago-petrcani.com\/wp-content\/uploads\/2021\/07\/htz_hr-HR.gif\" class=\"attachment-large size-large wp-image-6744\" alt=\"\" sizes=\"(max-width: 360px) 147px, \" \/>\t\t\t\t\t\t\t\t\t\t\t\t\t<\/div>\n\t\t\t\t<\/div>\n\t\t\t\t\t<\/div>\n\t\t<\/div>\n\t\t\t\t<div class=\"elementor-column elementor-col-25 elementor-top-column elementor-element elementor-element-8563d83\" data-id=\"8563d83\" data-element_type=\"column\">\n\t\t\t<div class=\"elementor-widget-wrap elementor-element-populated\">\n\t\t\t\t\t\t<div class=\"elementor-element elementor-element-1237d4d elementor-widget elementor-widget-image\" data-id=\"1237d4d\" data-element_type=\"widget\" data-widget_type=\"image.default\">\n\t\t\t\t<div class=\"elementor-widget-container\">\n\t\t\t\t\t\t\t\t\t\t\t\t\t<img loading=\"lazy\" decoding=\"async\" width=\"284\" height=\"68\" src=\"https:\/\/drago-petrcani.com\/wp-content\/uploads\/2021\/07\/ministarstvo-turizma.png\" class=\"attachment-large size-large wp-image-6745\" alt=\"\" srcset=\"https:\/\/drago-petrcani.com\/wp-content\/uploads\/2021\/07\/ministarstvo-turizma.png 284w, https:\/\/drago-petrcani.com\/wp-content\/uploads\/2021\/07\/ministarstvo-turizma-16x4.png 16w\" sizes=\"(max-width: 360px) 147px, (max-width: 284px) 100vw, 284px\" \/>\t\t\t\t\t\t\t\t\t\t\t\t\t<\/div>\n\t\t\t\t<\/div>\n\t\t\t\t\t<\/div>\n\t\t<\/div>\n\t\t\t\t<div class=\"elementor-column elementor-col-25 elementor-top-column elementor-element elementor-element-7c1633a\" data-id=\"7c1633a\" data-element_type=\"column\">\n\t\t\t<div class=\"elementor-widget-wrap elementor-element-populated\">\n\t\t\t\t\t\t<div class=\"elementor-element elementor-element-cb84044 elementor-widget elementor-widget-image\" data-id=\"cb84044\" data-element_type=\"widget\" data-widget_type=\"image.default\">\n\t\t\t\t<div class=\"elementor-widget-container\">\n\t\t\t\t\t\t\t\t\t\t\t\t\t<img loading=\"lazy\" decoding=\"async\" width=\"221\" height=\"68\" src=\"https:\/\/drago-petrcani.com\/wp-content\/uploads\/2021\/07\/logo_tzzadar_small.gif\" class=\"attachment-large size-large wp-image-6746\" alt=\"\" sizes=\"(max-width: 360px) 147px, \" \/>\t\t\t\t\t\t\t\t\t\t\t\t\t<\/div>\n\t\t\t\t<\/div>\n\t\t\t\t\t<\/div>\n\t\t<\/div>\n\t\t\t\t<div class=\"elementor-column elementor-col-25 elementor-top-column elementor-element elementor-element-4663876\" data-id=\"4663876\" data-element_type=\"column\">\n\t\t\t<div class=\"elementor-widget-wrap elementor-element-populated\">\n\t\t\t\t\t\t<div class=\"elementor-element elementor-element-480acfd elementor-widget elementor-widget-image\" data-id=\"480acfd\" data-element_type=\"widget\" data-widget_type=\"image.default\">\n\t\t\t\t<div class=\"elementor-widget-container\">\n\t\t\t\t\t\t\t\t\t\t\t\t\t<img loading=\"lazy\" decoding=\"async\" width=\"142\" height=\"68\" src=\"https:\/\/drago-petrcani.com\/wp-content\/uploads\/2021\/07\/zadar_region.gif\" class=\"attachment-large size-large wp-image-6747\" alt=\"\" srcset=\"https:\/\/drago-petrcani.com\/wp-content\/uploads\/2021\/07\/zadar_region.gif 142w, https:\/\/drago-petrcani.com\/wp-content\/uploads\/2021\/07\/zadar_region-16x8.gif 16w\" sizes=\"(max-width: 360px) 147px, (max-width: 142px) 100vw, 142px\" \/>\t\t\t\t\t\t\t\t\t\t\t\t\t<\/div>\n\t\t\t\t<\/div>\n\t\t\t\t\t<\/div>\n\t\t<\/div>\n\t\t\t\t\t<\/div>\n\t\t<\/section>\n\t\t\t\t<\/div>","protected":false},"excerpt":{"rendered":"<p>Dobro do\u0161li na Apartmane Petr\u010dane Petr\u010dane malo turisti\u010dko mjesta\u0161ce, 900 godina staro, smjestilo se izme\u0111u povijesnih gradova Zadra i Nina. Njegova 2 km duga \u0161ljun\u010dana i stjenovita pla\u017ea ome\u0111ena borovom \u0161umom pru\u017ea vam mogu\u0107nost odmora u miru i ti\u0161ini, a \u010disto more bavljenje raznim sportovima na vodi. U\u017eivanje u dalmatinskim specijalitetima restorani i konobe. Osim [&hellip;]<\/p>","protected":false},"author":1,"featured_media":0,"parent":0,"menu_order":0,"comment_status":"closed","ping_status":"closed","template":"template-canvas.php","meta":{"footnotes":""},"class_list":["post-6622","page","type-page","status-publish","hentry"],"_links":{"self":[{"href":"https:\/\/drago-petrcani.com\/de\/wp-json\/wp\/v2\/pages\/6622","targetHints":{"allow":["GET"]}}],"collection":[{"href":"https:\/\/drago-petrcani.com\/de\/wp-json\/wp\/v2\/pages"}],"about":[{"href":"https:\/\/drago-petrcani.com\/de\/wp-json\/wp\/v2\/types\/page"}],"author":[{"embeddable":true,"href":"https:\/\/drago-petrcani.com\/de\/wp-json\/wp\/v2\/users\/1"}],"replies":[{"embeddable":true,"href":"https:\/\/drago-petrcani.com\/de\/wp-json\/wp\/v2\/comments?post=6622"}],"version-history":[{"count":51,"href":"https:\/\/drago-petrcani.com\/de\/wp-json\/wp\/v2\/pages\/6622\/revisions"}],"predecessor-version":[{"id":6751,"href":"https:\/\/drago-petrcani.com\/de\/wp-json\/wp\/v2\/pages\/6622\/revisions\/6751"}],"wp:attachment":[{"href":"https:\/\/drago-petrcani.com\/de\/wp-json\/wp\/v2\/media?parent=6622"}],"curies":[{"name":"wp","href":"https:\/\/api.w.org\/{rel}","templated":true}]}}