{"id":6772,"date":"2021-07-29T09:29:52","date_gmt":"2021-07-29T07:29:52","guid":{"rendered":"https:\/\/drago-apartmani.com\/?page_id=6772"},"modified":"2021-07-30T12:06:12","modified_gmt":"2021-07-30T10:06:12","slug":"o-nama","status":"publish","type":"page","link":"https:\/\/drago-petrcani.com\/de\/o-nama\/","title":{"rendered":"Uber uns"},"content":{"rendered":"<div data-elementor-type=\"wp-page\" data-elementor-id=\"6772\" class=\"elementor elementor-6772\" data-elementor-post-type=\"page\">\n\t\t\t\t\t\t<section class=\"elementor-section elementor-top-section elementor-element elementor-element-5de4b332 elementor-section-full_width elementor-section-height-default elementor-section-height-default\" data-id=\"5de4b332\" data-element_type=\"section\" data-settings=\"{&quot;background_background&quot;:&quot;classic&quot;}\">\n\t\t\t\t\t\t<div class=\"elementor-container elementor-column-gap-default\">\n\t\t\t\t\t<div class=\"elementor-column elementor-col-100 elementor-top-column elementor-element elementor-element-16e53648\" data-id=\"16e53648\" data-element_type=\"column\">\n\t\t\t<div class=\"elementor-widget-wrap\">\n\t\t\t\t\t\t\t<\/div>\n\t\t<\/div>\n\t\t\t\t\t<\/div>\n\t\t<\/section>\n\t\t\t\t<section class=\"elementor-section elementor-top-section elementor-element elementor-element-8e33858 elementor-section-boxed elementor-section-height-default elementor-section-height-default\" data-id=\"8e33858\" data-element_type=\"section\" data-settings=\"{&quot;background_background&quot;:&quot;classic&quot;}\">\n\t\t\t\t\t\t<div class=\"elementor-container elementor-column-gap-default\">\n\t\t\t\t\t<div class=\"elementor-column elementor-col-100 elementor-top-column elementor-element elementor-element-710530d\" data-id=\"710530d\" data-element_type=\"column\">\n\t\t\t<div class=\"elementor-widget-wrap elementor-element-populated\">\n\t\t\t\t\t\t\t<\/div>\n\t\t<\/div>\n\t\t\t\t\t<\/div>\n\t\t<\/section>\n\t\t\t\t<section class=\"elementor-section elementor-top-section elementor-element elementor-element-fb6bedd elementor-section-boxed elementor-section-height-default elementor-section-height-default\" data-id=\"fb6bedd\" data-element_type=\"section\">\n\t\t\t\t\t\t<div class=\"elementor-container elementor-column-gap-default\">\n\t\t\t\t\t<div class=\"elementor-column elementor-col-25 elementor-top-column elementor-element elementor-element-db9a4d6\" data-id=\"db9a4d6\" data-element_type=\"column\">\n\t\t\t<div class=\"elementor-widget-wrap elementor-element-populated\">\n\t\t\t\t\t\t<div class=\"elementor-element elementor-element-3d41bf8 elementor-widget elementor-widget-image\" data-id=\"3d41bf8\" data-element_type=\"widget\" data-widget_type=\"image.default\">\n\t\t\t\t<div class=\"elementor-widget-container\">\n\t\t\t\t\t\t\t\t\t\t\t\t\t<img fetchpriority=\"high\" decoding=\"async\" width=\"480\" height=\"360\" src=\"https:\/\/drago-petrcani.com\/wp-content\/uploads\/2021\/07\/slike-za-internet-13-JPG_-velika-tersa.jpg\" class=\"attachment-large size-large wp-image-6822\" alt=\"\" srcset=\"https:\/\/drago-petrcani.com\/wp-content\/uploads\/2021\/07\/slike-za-internet-13-JPG_-velika-tersa.jpg 480w, https:\/\/drago-petrcani.com\/wp-content\/uploads\/2021\/07\/slike-za-internet-13-JPG_-velika-tersa-300x225.jpg 300w, https:\/\/drago-petrcani.com\/wp-content\/uploads\/2021\/07\/slike-za-internet-13-JPG_-velika-tersa-16x12.jpg 16w, https:\/\/drago-petrcani.com\/wp-content\/uploads\/2021\/07\/slike-za-internet-13-JPG_-velika-tersa-441x331.jpg 441w\" sizes=\"(max-width: 360px) 147px, (max-width: 480px) 100vw, 480px\" \/>\t\t\t\t\t\t\t\t\t\t\t\t\t<\/div>\n\t\t\t\t<\/div>\n\t\t\t\t\t<\/div>\n\t\t<\/div>\n\t\t\t\t<div class=\"elementor-column elementor-col-25 elementor-top-column elementor-element elementor-element-d3a4e38\" data-id=\"d3a4e38\" data-element_type=\"column\">\n\t\t\t<div class=\"elementor-widget-wrap elementor-element-populated\">\n\t\t\t\t\t\t<div class=\"elementor-element elementor-element-7b5a83e elementor-widget elementor-widget-image\" data-id=\"7b5a83e\" data-element_type=\"widget\" data-widget_type=\"image.default\">\n\t\t\t\t<div class=\"elementor-widget-container\">\n\t\t\t\t\t\t\t\t\t\t\t\t\t<img decoding=\"async\" width=\"320\" height=\"240\" src=\"https:\/\/drago-petrcani.com\/wp-content\/uploads\/2021\/07\/Slike-za-Internet_JPG-11JPG.jpg\" class=\"attachment-large size-large wp-image-6821\" alt=\"\" srcset=\"https:\/\/drago-petrcani.com\/wp-content\/uploads\/2021\/07\/Slike-za-Internet_JPG-11JPG.jpg 320w, https:\/\/drago-petrcani.com\/wp-content\/uploads\/2021\/07\/Slike-za-Internet_JPG-11JPG-300x225.jpg 300w, https:\/\/drago-petrcani.com\/wp-content\/uploads\/2021\/07\/Slike-za-Internet_JPG-11JPG-16x12.jpg 16w\" sizes=\"(max-width: 360px) 147px, (max-width: 320px) 100vw, 320px\" \/>\t\t\t\t\t\t\t\t\t\t\t\t\t<\/div>\n\t\t\t\t<\/div>\n\t\t\t\t\t<\/div>\n\t\t<\/div>\n\t\t\t\t<div class=\"elementor-column elementor-col-25 elementor-top-column elementor-element elementor-element-faa467b\" data-id=\"faa467b\" data-element_type=\"column\">\n\t\t\t<div class=\"elementor-widget-wrap elementor-element-populated\">\n\t\t\t\t\t\t<div class=\"elementor-element elementor-element-d047389 elementor-widget elementor-widget-image\" data-id=\"d047389\" data-element_type=\"widget\" data-widget_type=\"image.default\">\n\t\t\t\t<div class=\"elementor-widget-container\">\n\t\t\t\t\t\t\t\t\t\t\t\t\t<img decoding=\"async\" width=\"480\" height=\"360\" src=\"https:\/\/drago-petrcani.com\/wp-content\/uploads\/2021\/07\/DSC04798.jpg\" class=\"attachment-large size-large wp-image-6820\" alt=\"\" srcset=\"https:\/\/drago-petrcani.com\/wp-content\/uploads\/2021\/07\/DSC04798.jpg 480w, https:\/\/drago-petrcani.com\/wp-content\/uploads\/2021\/07\/DSC04798-300x225.jpg 300w, https:\/\/drago-petrcani.com\/wp-content\/uploads\/2021\/07\/DSC04798-16x12.jpg 16w, https:\/\/drago-petrcani.com\/wp-content\/uploads\/2021\/07\/DSC04798-441x331.jpg 441w\" sizes=\"(max-width: 360px) 147px, (max-width: 480px) 100vw, 480px\" \/>\t\t\t\t\t\t\t\t\t\t\t\t\t<\/div>\n\t\t\t\t<\/div>\n\t\t\t\t\t<\/div>\n\t\t<\/div>\n\t\t\t\t<div class=\"elementor-column elementor-col-25 elementor-top-column elementor-element elementor-element-d88195f\" data-id=\"d88195f\" data-element_type=\"column\">\n\t\t\t<div class=\"elementor-widget-wrap elementor-element-populated\">\n\t\t\t\t\t\t<div class=\"elementor-element elementor-element-fc057c1 elementor-widget elementor-widget-image\" data-id=\"fc057c1\" data-element_type=\"widget\" data-widget_type=\"image.default\">\n\t\t\t\t<div class=\"elementor-widget-container\">\n\t\t\t\t\t\t\t\t\t\t\t\t\t<img loading=\"lazy\" decoding=\"async\" width=\"300\" height=\"224\" src=\"https:\/\/drago-petrcani.com\/wp-content\/uploads\/2021\/07\/51273399-300x224-1.jpg\" class=\"attachment-large size-large wp-image-6734\" alt=\"\" srcset=\"https:\/\/drago-petrcani.com\/wp-content\/uploads\/2021\/07\/51273399-300x224-1.jpg 300w, https:\/\/drago-petrcani.com\/wp-content\/uploads\/2021\/07\/51273399-300x224-1-16x12.jpg 16w\" sizes=\"(max-width: 360px) 147px, (max-width: 300px) 100vw, 300px\" \/>\t\t\t\t\t\t\t\t\t\t\t\t\t<\/div>\n\t\t\t\t<\/div>\n\t\t\t\t\t<\/div>\n\t\t<\/div>\n\t\t\t\t\t<\/div>\n\t\t<\/section>\n\t\t\t\t<section class=\"elementor-section elementor-top-section elementor-element elementor-element-5f0bd7e elementor-section-boxed elementor-section-height-default elementor-section-height-default\" data-id=\"5f0bd7e\" data-element_type=\"section\">\n\t\t\t\t\t\t<div class=\"elementor-container elementor-column-gap-default\">\n\t\t\t\t\t<div class=\"elementor-column elementor-col-50 elementor-top-column elementor-element elementor-element-1e2fbc9\" data-id=\"1e2fbc9\" data-element_type=\"column\">\n\t\t\t<div class=\"elementor-widget-wrap elementor-element-populated\">\n\t\t\t\t\t\t<div class=\"elementor-element elementor-element-eb38b72 elementor-widget elementor-widget-text-editor\" data-id=\"eb38b72\" data-element_type=\"widget\" data-widget_type=\"text-editor.default\">\n\t\t\t\t<div class=\"elementor-widget-container\">\n\t\t\t\t\t\t\t<h3 style=\"text-align: left;\" align=\"center\"><span style=\"color: #ff6600;\"><strong>Content apartments:<\/strong><\/span><\/h3><p>Grillen im Freien<\/p><p>Entfernung von der Bushaltestelle 10 m<\/p><p>Entfernung vom Bahnhof 12.0 km<\/p><p>Ort, in dem sich der Bahnhof befindet: Zadar<\/p><p>Entfernung bis zum n\u00e4chsten Flughafen 20.0 km<\/p><p>Ort, in dem sich der Flughafen befindet: Zadar<\/p><p>Entfernung vom F\u00e4hrhafen 12.0 km<\/p><p>Name der Ortschaft, wo die F\u00e4hre anlegt: Zadar<\/p><p>Entfernung von einer stark befahrenen Stra\u00dfe 10 m<\/p><p>Entfernung bis zum Apotheke 4 km<\/p><p>Entfernung bis zum Arztpraxis 4 km<\/p><p>Entfernung von der Wechselstube 500 m<\/p><p>Entfernung von der Tankstelle 2.0 km<\/p><p>Entfernung (Fu\u00dfweg) vom Strand 400 m<\/p><p>Wasserversorgung : \u00f6rtliche Wasserleitung<\/p><p>Art des Badestrandes : Kiesstrand mit betonierten Liegefl\u00e4chen<\/p><p>Zufahrt zum Objekt mit dem eigenen Auto : ausgezeichnet<\/p><p>Anbindung an \u00f6ffentliche Verkehrsmittel : gut<\/p><p>Parkplatz<\/p><p>Entfernung vom Stadtzentrum 400 m<\/p><p>Entfernung bis zum Meer 400 m<\/p><p>Entfernung bis zum Lebensmittelgesch\u00e4ft 400 m<\/p>\t\t\t\t\t\t<\/div>\n\t\t\t\t<\/div>\n\t\t\t\t\t<\/div>\n\t\t<\/div>\n\t\t\t\t<div class=\"elementor-column elementor-col-50 elementor-top-column elementor-element elementor-element-60411c4\" data-id=\"60411c4\" data-element_type=\"column\">\n\t\t\t<div class=\"elementor-widget-wrap elementor-element-populated\">\n\t\t\t\t\t\t<div class=\"elementor-element elementor-element-3751131 elementor-widget elementor-widget-text-editor\" data-id=\"3751131\" data-element_type=\"widget\" data-widget_type=\"text-editor.default\">\n\t\t\t\t<div class=\"elementor-widget-container\">\n\t\t\t\t\t\t\t<h3><span style=\"color: #ff6600;\"><strong>Freizeitangebot in unmittelbarer N\u00e4he:<\/strong><\/span><\/h3><p>Swimmingpool f\u00fcr Kinder<\/p><p>Hallenbad<\/p><p>Sauna<\/p><p>Park<\/p><p>Parks f\u00fcr Kinder geeignet<\/p><p>Organisierte Ausfl\u00fcge mit dem Schiff<\/p><p>Tennispl\u00e4tze<\/p><p>Tischtennis<\/p><p>Minigolf<\/p><p>Organisiertes Fischen<\/p><p>Post<\/p><p>Bar<\/p><p>Restaurant<\/p><p>Alle Apartments sind Luxuri\u00f6s ausgestattet mit TV, Satanschlu\u00df und Telefon. Die K\u00fcche ist mit allen K\u00fcchenger\u00e4ten und Geschir ausgestattet. Die Badezimmern sind Modern eingerichtet und die Hygiene ist auf einem hohen Nivou.<\/p>\t\t\t\t\t\t<\/div>\n\t\t\t\t<\/div>\n\t\t\t\t\t<\/div>\n\t\t<\/div>\n\t\t\t\t\t<\/div>\n\t\t<\/section>\n\t\t\t\t<section class=\"elementor-section elementor-top-section elementor-element elementor-element-3e46f337 elementor-section-full_width elementor-section-height-default elementor-section-height-default\" data-id=\"3e46f337\" data-element_type=\"section\" data-settings=\"{&quot;background_background&quot;:&quot;classic&quot;}\">\n\t\t\t\t\t\t<div class=\"elementor-container elementor-column-gap-default\">\n\t\t\t\t\t<div class=\"elementor-column elementor-col-100 elementor-top-column elementor-element elementor-element-11e47624\" data-id=\"11e47624\" data-element_type=\"column\">\n\t\t\t<div class=\"elementor-widget-wrap elementor-element-populated\">\n\t\t\t\t\t\t<div class=\"elementor-element elementor-element-22610a6f elementor-align-center elementor-widget elementor-widget-button\" data-id=\"22610a6f\" data-element_type=\"widget\" data-widget_type=\"button.default\">\n\t\t\t\t<div class=\"elementor-widget-container\">\n\t\t\t\t\t\t\t<div class=\"elementor-button-wrapper\">\n\t\t\t\t\t<a class=\"elementor-button elementor-button-link elementor-size-sm\" href=\"https:\/\/drago-petrcani.com\/de\/contact-us\/\">\n\t\t\t\t\t\t<span class=\"elementor-button-content-wrapper\">\n\t\t\t\t\t\t\t\t\t<span class=\"elementor-button-text\">RESERVIRUNGEN<\/span>\n\t\t\t\t\t<\/span>\n\t\t\t\t\t<\/a>\n\t\t\t\t<\/div>\n\t\t\t\t\t\t<\/div>\n\t\t\t\t<\/div>\n\t\t\t\t\t<\/div>\n\t\t<\/div>\n\t\t\t\t\t<\/div>\n\t\t<\/section>\n\t\t\t\t<\/div>","protected":false},"excerpt":{"rendered":"<p>Sadr\u017eaj apartmana: Kori\u0161tenje ro\u0161tilja na otvorenom Udaljenost od autobusnog stajali\u0161ta je 10 m Udaljenost od \u017eeljezni\u010dke stanice je 12.0 km Naziv mjesta u kojem se nalazi \u017eeljezni\u010dka stanica: Zadar Udaljenost od najbli\u017ee zra\u010dne luke je 12 km Naziv mjesta u kojem se nalazi zra\u010dna luka: Zadar Udaljenost od trajektne luke 12.0 km Naziv mjesta gdje [&hellip;]<\/p>","protected":false},"author":1,"featured_media":0,"parent":0,"menu_order":0,"comment_status":"closed","ping_status":"closed","template":"template-canvas.php","meta":{"footnotes":""},"class_list":["post-6772","page","type-page","status-publish","hentry"],"_links":{"self":[{"href":"https:\/\/drago-petrcani.com\/de\/wp-json\/wp\/v2\/pages\/6772","targetHints":{"allow":["GET"]}}],"collection":[{"href":"https:\/\/drago-petrcani.com\/de\/wp-json\/wp\/v2\/pages"}],"about":[{"href":"https:\/\/drago-petrcani.com\/de\/wp-json\/wp\/v2\/types\/page"}],"author":[{"embeddable":true,"href":"https:\/\/drago-petrcani.com\/de\/wp-json\/wp\/v2\/users\/1"}],"replies":[{"embeddable":true,"href":"https:\/\/drago-petrcani.com\/de\/wp-json\/wp\/v2\/comments?post=6772"}],"version-history":[{"count":48,"href":"https:\/\/drago-petrcani.com\/de\/wp-json\/wp\/v2\/pages\/6772\/revisions"}],"predecessor-version":[{"id":7237,"href":"https:\/\/drago-petrcani.com\/de\/wp-json\/wp\/v2\/pages\/6772\/revisions\/7237"}],"wp:attachment":[{"href":"https:\/\/drago-petrcani.com\/de\/wp-json\/wp\/v2\/media?parent=6772"}],"curies":[{"name":"wp","href":"https:\/\/api.w.org\/{rel}","templated":true}]}}