{"id":7005,"date":"2021-07-29T16:14:29","date_gmt":"2021-07-29T14:14:29","guid":{"rendered":"https:\/\/drago-apartmani.com\/?page_id=7005"},"modified":"2021-07-30T09:42:46","modified_gmt":"2021-07-30T07:42:46","slug":"apartman-a1","status":"publish","type":"page","link":"https:\/\/drago-petrcani.com\/de\/apartman-a1\/","title":{"rendered":"Apartman A1"},"content":{"rendered":"<div data-elementor-type=\"wp-page\" data-elementor-id=\"7005\" class=\"elementor elementor-7005\" data-elementor-post-type=\"page\">\n\t\t\t\t\t\t<section class=\"elementor-section elementor-top-section elementor-element elementor-element-7a75c922 elementor-section-full_width elementor-section-height-default elementor-section-height-default\" data-id=\"7a75c922\" data-element_type=\"section\" data-settings=\"{&quot;background_background&quot;:&quot;classic&quot;}\">\n\t\t\t\t\t\t<div class=\"elementor-container elementor-column-gap-default\">\n\t\t\t\t\t<div class=\"elementor-column elementor-col-100 elementor-top-column elementor-element elementor-element-661945e1\" data-id=\"661945e1\" data-element_type=\"column\">\n\t\t\t<div class=\"elementor-widget-wrap\">\n\t\t\t\t\t\t\t<\/div>\n\t\t<\/div>\n\t\t\t\t\t<\/div>\n\t\t<\/section>\n\t\t\t\t<section class=\"elementor-section elementor-top-section elementor-element elementor-element-285bfce2 elementor-section-boxed elementor-section-height-default elementor-section-height-default\" data-id=\"285bfce2\" data-element_type=\"section\" data-settings=\"{&quot;background_background&quot;:&quot;classic&quot;}\">\n\t\t\t\t\t\t<div class=\"elementor-container elementor-column-gap-default\">\n\t\t\t\t\t<div class=\"elementor-column elementor-col-100 elementor-top-column elementor-element elementor-element-11dcaa7c\" data-id=\"11dcaa7c\" data-element_type=\"column\">\n\t\t\t<div class=\"elementor-widget-wrap elementor-element-populated\">\n\t\t\t\t\t\t\t<\/div>\n\t\t<\/div>\n\t\t\t\t\t<\/div>\n\t\t<\/section>\n\t\t\t\t<section class=\"elementor-section elementor-top-section elementor-element elementor-element-1b342d53 elementor-section-boxed elementor-section-height-default elementor-section-height-default\" data-id=\"1b342d53\" data-element_type=\"section\">\n\t\t\t\t\t\t<div class=\"elementor-container elementor-column-gap-default\">\n\t\t\t\t\t<div class=\"elementor-column elementor-col-100 elementor-top-column elementor-element elementor-element-53e4da04\" data-id=\"53e4da04\" data-element_type=\"column\">\n\t\t\t<div class=\"elementor-widget-wrap elementor-element-populated\">\n\t\t\t\t\t\t<div class=\"elementor-element elementor-element-71acf09 elementor-widget elementor-widget-spacer\" data-id=\"71acf09\" data-element_type=\"widget\" data-widget_type=\"spacer.default\">\n\t\t\t\t<div class=\"elementor-widget-container\">\n\t\t\t\t\t<div class=\"elementor-spacer\">\n\t\t\t<div class=\"elementor-spacer-inner\"><\/div>\n\t\t<\/div>\n\t\t\t\t<\/div>\n\t\t\t\t<\/div>\n\t\t\t\t\t<\/div>\n\t\t<\/div>\n\t\t\t\t\t<\/div>\n\t\t<\/section>\n\t\t\t\t<section class=\"elementor-section elementor-top-section elementor-element elementor-element-be7f7f1 elementor-section-boxed elementor-section-height-default elementor-section-height-default\" data-id=\"be7f7f1\" data-element_type=\"section\">\n\t\t\t\t\t\t<div class=\"elementor-container elementor-column-gap-default\">\n\t\t\t\t\t<div class=\"elementor-column elementor-col-100 elementor-top-column elementor-element elementor-element-04be9cf\" data-id=\"04be9cf\" data-element_type=\"column\">\n\t\t\t<div class=\"elementor-widget-wrap elementor-element-populated\">\n\t\t\t\t\t\t<div class=\"elementor-element elementor-element-e384228 gallery-spacing-custom elementor-widget elementor-widget-image-gallery\" data-id=\"e384228\" data-element_type=\"widget\" data-widget_type=\"image-gallery.default\">\n\t\t\t\t<div class=\"elementor-widget-container\">\n\t\t\t\t\t<div class=\"elementor-image-gallery\">\n\t\t\t<div id='gallery-1' class='gallery galleryid-7005 gallery-columns-3 gallery-size-full'><figure class='gallery-item'>\n\t\t\t<div class='gallery-icon landscape'>\n\t\t\t\t<a data-elementor-open-lightbox=\"yes\" data-elementor-lightbox-slideshow=\"e384228\" data-elementor-lightbox-title=\"20150722_092208-2\" data-e-action-hash=\"#elementor-action%3Aaction%3Dlightbox%26settings%3DeyJpZCI6Njg0NCwidXJsIjoiaHR0cHM6XC9cL2RyYWdvLXBldHJjYW5pLmNvbVwvd3AtY29udGVudFwvdXBsb2Fkc1wvMjAyMVwvMDdcLzIwMTUwNzIyXzA5MjIwOC0yLmpwZyIsInNsaWRlc2hvdyI6ImUzODQyMjgifQ%3D%3D\" href='https:\/\/drago-petrcani.com\/wp-content\/uploads\/2021\/07\/20150722_092208-2.jpg'><img fetchpriority=\"high\" decoding=\"async\" width=\"800\" height=\"700\" src=\"https:\/\/drago-petrcani.com\/wp-content\/uploads\/2021\/07\/20150722_092208-2.jpg\" class=\"attachment-full size-full\" alt=\"\" srcset=\"https:\/\/drago-petrcani.com\/wp-content\/uploads\/2021\/07\/20150722_092208-2.jpg 800w, https:\/\/drago-petrcani.com\/wp-content\/uploads\/2021\/07\/20150722_092208-2-300x263.jpg 300w, https:\/\/drago-petrcani.com\/wp-content\/uploads\/2021\/07\/20150722_092208-2-768x672.jpg 768w, https:\/\/drago-petrcani.com\/wp-content\/uploads\/2021\/07\/20150722_092208-2-14x12.jpg 14w, https:\/\/drago-petrcani.com\/wp-content\/uploads\/2021\/07\/20150722_092208-2-441x386.jpg 441w\" sizes=\"(max-width: 360px) 147px, (max-width: 800px) 100vw, 800px\" \/><\/a>\n\t\t\t<\/div><\/figure><figure class='gallery-item'>\n\t\t\t<div class='gallery-icon landscape'>\n\t\t\t\t<a data-elementor-open-lightbox=\"yes\" data-elementor-lightbox-slideshow=\"e384228\" data-elementor-lightbox-title=\"20150722_091947-2\" data-e-action-hash=\"#elementor-action%3Aaction%3Dlightbox%26settings%3DeyJpZCI6Njg0MywidXJsIjoiaHR0cHM6XC9cL2RyYWdvLXBldHJjYW5pLmNvbVwvd3AtY29udGVudFwvdXBsb2Fkc1wvMjAyMVwvMDdcLzIwMTUwNzIyXzA5MTk0Ny0yLmpwZyIsInNsaWRlc2hvdyI6ImUzODQyMjgifQ%3D%3D\" href='https:\/\/drago-petrcani.com\/wp-content\/uploads\/2021\/07\/20150722_091947-2.jpg'><img decoding=\"async\" width=\"800\" height=\"700\" src=\"https:\/\/drago-petrcani.com\/wp-content\/uploads\/2021\/07\/20150722_091947-2.jpg\" class=\"attachment-full size-full\" alt=\"\" srcset=\"https:\/\/drago-petrcani.com\/wp-content\/uploads\/2021\/07\/20150722_091947-2.jpg 800w, https:\/\/drago-petrcani.com\/wp-content\/uploads\/2021\/07\/20150722_091947-2-300x263.jpg 300w, https:\/\/drago-petrcani.com\/wp-content\/uploads\/2021\/07\/20150722_091947-2-768x672.jpg 768w, https:\/\/drago-petrcani.com\/wp-content\/uploads\/2021\/07\/20150722_091947-2-14x12.jpg 14w, https:\/\/drago-petrcani.com\/wp-content\/uploads\/2021\/07\/20150722_091947-2-441x386.jpg 441w\" sizes=\"(max-width: 360px) 147px, (max-width: 800px) 100vw, 800px\" \/><\/a>\n\t\t\t<\/div><\/figure><figure class='gallery-item'>\n\t\t\t<div class='gallery-icon landscape'>\n\t\t\t\t<a data-elementor-open-lightbox=\"yes\" data-elementor-lightbox-slideshow=\"e384228\" data-elementor-lightbox-title=\"20150722_091821-2\" data-e-action-hash=\"#elementor-action%3Aaction%3Dlightbox%26settings%3DeyJpZCI6Njg0MiwidXJsIjoiaHR0cHM6XC9cL2RyYWdvLXBldHJjYW5pLmNvbVwvd3AtY29udGVudFwvdXBsb2Fkc1wvMjAyMVwvMDdcLzIwMTUwNzIyXzA5MTgyMS0yLmpwZyIsInNsaWRlc2hvdyI6ImUzODQyMjgifQ%3D%3D\" href='https:\/\/drago-petrcani.com\/wp-content\/uploads\/2021\/07\/20150722_091821-2.jpg'><img decoding=\"async\" width=\"800\" height=\"700\" src=\"https:\/\/drago-petrcani.com\/wp-content\/uploads\/2021\/07\/20150722_091821-2.jpg\" class=\"attachment-full size-full\" alt=\"\" srcset=\"https:\/\/drago-petrcani.com\/wp-content\/uploads\/2021\/07\/20150722_091821-2.jpg 800w, https:\/\/drago-petrcani.com\/wp-content\/uploads\/2021\/07\/20150722_091821-2-300x263.jpg 300w, https:\/\/drago-petrcani.com\/wp-content\/uploads\/2021\/07\/20150722_091821-2-768x672.jpg 768w, https:\/\/drago-petrcani.com\/wp-content\/uploads\/2021\/07\/20150722_091821-2-14x12.jpg 14w, https:\/\/drago-petrcani.com\/wp-content\/uploads\/2021\/07\/20150722_091821-2-441x386.jpg 441w\" sizes=\"(max-width: 360px) 147px, (max-width: 800px) 100vw, 800px\" \/><\/a>\n\t\t\t<\/div><\/figure>\n\t\t<\/div>\n\t\t<\/div>\n\t\t\t\t<\/div>\n\t\t\t\t<\/div>\n\t\t\t\t\t<\/div>\n\t\t<\/div>\n\t\t\t\t\t<\/div>\n\t\t<\/section>\n\t\t\t\t<section class=\"elementor-section elementor-top-section elementor-element elementor-element-05f64d0 elementor-section-boxed elementor-section-height-default elementor-section-height-default\" data-id=\"05f64d0\" data-element_type=\"section\">\n\t\t\t\t\t\t<div class=\"elementor-container elementor-column-gap-default\">\n\t\t\t\t\t<div class=\"elementor-column elementor-col-50 elementor-top-column elementor-element elementor-element-3a3347c\" data-id=\"3a3347c\" data-element_type=\"column\">\n\t\t\t<div class=\"elementor-widget-wrap elementor-element-populated\">\n\t\t\t\t\t\t<div class=\"elementor-element elementor-element-eefbefa elementor-widget elementor-widget-text-editor\" data-id=\"eefbefa\" data-element_type=\"widget\" data-widget_type=\"text-editor.default\">\n\t\t\t\t<div class=\"elementor-widget-container\">\n\t\t\t\t\t\t\t<h2><span style=\"color: #ff6600;\">Kategorija ***<\/span><\/h2><p>1. kat<\/p><p>Broj kupaonica s tu\u0161 kadom : 1<br \/>Boravak i kuhinja su u jednoj prostoriji<br \/>Povr\u0161ina (boravka, blagovaone ili kuhinje) 15 m2<br \/>Terasa, 25 m2<br \/>Televizor sa satelitskim programom<br \/>Dje\u010dji kreveti\u0107 (usluga na zahtjev)<br \/>Gla\u010dalo (usluga na zahtjev)<br \/>Posude za pripremanje i serviranje hrane i pi\u0107a, te pribor za jelo u odgovaraju\u0107im koli\u010dinama<br \/>Hladnjak<br \/>Su\u0161ilo za kosu (usluga na zahtjev)<br \/>Stroj za pranje rublja (usluga se napla\u010duje)<br \/>\u010ci\u0161\u0107enje i pospremanje 1x tjedno<br \/>Dozvoljeno pu\u0161enje u apartmanu<br \/>Pogled na : dvori\u0161te (soba), more (dnevni boravak)<\/p>\t\t\t\t\t\t<\/div>\n\t\t\t\t<\/div>\n\t\t\t\t\t<\/div>\n\t\t<\/div>\n\t\t\t\t<div class=\"elementor-column elementor-col-50 elementor-top-column elementor-element elementor-element-02b7427\" data-id=\"02b7427\" data-element_type=\"column\">\n\t\t\t<div class=\"elementor-widget-wrap elementor-element-populated\">\n\t\t\t\t\t\t<div class=\"elementor-element elementor-element-0174ec2 elementor-widget elementor-widget-text-editor\" data-id=\"0174ec2\" data-element_type=\"widget\" data-widget_type=\"text-editor.default\">\n\t\t\t\t<div class=\"elementor-widget-container\">\n\t\t\t\t\t\t\t<h2><span style=\"color: #ff6600;\"><strong>Soba 1:<\/strong><\/span><\/h2><p>Ukupan broj le\u017eaja u sobi: 2<\/p><p>Broj bra\u010dnih le\u017eaja: 1<\/p><p>Povr\u0161ina sobe je 12 m2<\/p><h2><span style=\"color: #ff6600;\"><strong>Soba 2:<\/strong><\/span><\/h2><p>Ukupan broj le\u017eaja u sobi: 2<\/p><p>Broj jednostrukih le\u017eaja: 2<\/p><p>Povr\u0161ina sobe je 12 m2<\/p>\t\t\t\t\t\t<\/div>\n\t\t\t\t<\/div>\n\t\t\t\t\t<\/div>\n\t\t<\/div>\n\t\t\t\t\t<\/div>\n\t\t<\/section>\n\t\t\t\t<section class=\"elementor-section elementor-top-section elementor-element elementor-element-55135445 elementor-section-full_width elementor-section-height-default elementor-section-height-default\" data-id=\"55135445\" data-element_type=\"section\" data-settings=\"{&quot;background_background&quot;:&quot;classic&quot;}\">\n\t\t\t\t\t\t<div class=\"elementor-container elementor-column-gap-default\">\n\t\t\t\t\t<div class=\"elementor-column elementor-col-100 elementor-top-column elementor-element elementor-element-2c355eb9\" data-id=\"2c355eb9\" data-element_type=\"column\">\n\t\t\t<div class=\"elementor-widget-wrap elementor-element-populated\">\n\t\t\t\t\t\t<div class=\"elementor-element elementor-element-3cb9aff1 elementor-align-center elementor-widget elementor-widget-button\" data-id=\"3cb9aff1\" data-element_type=\"widget\" data-widget_type=\"button.default\">\n\t\t\t\t<div class=\"elementor-widget-container\">\n\t\t\t\t\t\t\t<div class=\"elementor-button-wrapper\">\n\t\t\t\t\t<a class=\"elementor-button elementor-button-link elementor-size-sm\" href=\"https:\/\/drago-petrcani.com\/de\/contact-us\/\">\n\t\t\t\t\t\t<span class=\"elementor-button-content-wrapper\">\n\t\t\t\t\t\t\t\t\t<span class=\"elementor-button-text\">RESERVIRUNGEN<\/span>\n\t\t\t\t\t<\/span>\n\t\t\t\t\t<\/a>\n\t\t\t\t<\/div>\n\t\t\t\t\t\t<\/div>\n\t\t\t\t<\/div>\n\t\t\t\t\t<\/div>\n\t\t<\/div>\n\t\t\t\t\t<\/div>\n\t\t<\/section>\n\t\t\t\t<\/div>","protected":false},"excerpt":{"rendered":"<p>Kategorija *** 1. kat Broj kupaonica s tu\u0161 kadom : 1Boravak i kuhinja su u jednoj prostorijiPovr\u0161ina (boravka, blagovaone ili kuhinje) 15 m2Terasa, 25 m2Televizor sa satelitskim programomDje\u010dji kreveti\u0107 (usluga na zahtjev)Gla\u010dalo (usluga na zahtjev)Posude za pripremanje i serviranje hrane i pi\u0107a, te pribor za jelo u odgovaraju\u0107im koli\u010dinamaHladnjakSu\u0161ilo za kosu (usluga na zahtjev)Stroj za [&hellip;]<\/p>","protected":false},"author":1,"featured_media":0,"parent":0,"menu_order":0,"comment_status":"closed","ping_status":"closed","template":"template-canvas.php","meta":{"footnotes":""},"class_list":["post-7005","page","type-page","status-publish","hentry"],"_links":{"self":[{"href":"https:\/\/drago-petrcani.com\/de\/wp-json\/wp\/v2\/pages\/7005","targetHints":{"allow":["GET"]}}],"collection":[{"href":"https:\/\/drago-petrcani.com\/de\/wp-json\/wp\/v2\/pages"}],"about":[{"href":"https:\/\/drago-petrcani.com\/de\/wp-json\/wp\/v2\/types\/page"}],"author":[{"embeddable":true,"href":"https:\/\/drago-petrcani.com\/de\/wp-json\/wp\/v2\/users\/1"}],"replies":[{"embeddable":true,"href":"https:\/\/drago-petrcani.com\/de\/wp-json\/wp\/v2\/comments?post=7005"}],"version-history":[{"count":42,"href":"https:\/\/drago-petrcani.com\/de\/wp-json\/wp\/v2\/pages\/7005\/revisions"}],"predecessor-version":[{"id":7068,"href":"https:\/\/drago-petrcani.com\/de\/wp-json\/wp\/v2\/pages\/7005\/revisions\/7068"}],"wp:attachment":[{"href":"https:\/\/drago-petrcani.com\/de\/wp-json\/wp\/v2\/media?parent=7005"}],"curies":[{"name":"wp","href":"https:\/\/api.w.org\/{rel}","templated":true}]}}