{"id":7090,"date":"2021-07-30T09:51:14","date_gmt":"2021-07-30T07:51:14","guid":{"rendered":"https:\/\/drago-apartmani.com\/?page_id=7090"},"modified":"2021-08-08T14:01:16","modified_gmt":"2021-08-08T12:01:16","slug":"apartman-a4","status":"publish","type":"page","link":"https:\/\/drago-petrcani.com\/de\/apartman-a4\/","title":{"rendered":"Apartman A4"},"content":{"rendered":"<div data-elementor-type=\"wp-page\" data-elementor-id=\"7090\" class=\"elementor elementor-7090\" data-elementor-post-type=\"page\">\n\t\t\t\t\t\t<section class=\"elementor-section elementor-top-section elementor-element elementor-element-287823aa elementor-section-full_width elementor-section-height-default elementor-section-height-default\" data-id=\"287823aa\" data-element_type=\"section\" data-settings=\"{&quot;background_background&quot;:&quot;classic&quot;}\">\n\t\t\t\t\t\t<div class=\"elementor-container elementor-column-gap-default\">\n\t\t\t\t\t<div class=\"elementor-column elementor-col-100 elementor-top-column elementor-element elementor-element-7e8f3d9e\" data-id=\"7e8f3d9e\" data-element_type=\"column\">\n\t\t\t<div class=\"elementor-widget-wrap\">\n\t\t\t\t\t\t\t<\/div>\n\t\t<\/div>\n\t\t\t\t\t<\/div>\n\t\t<\/section>\n\t\t\t\t<section class=\"elementor-section elementor-top-section elementor-element elementor-element-11e242e3 elementor-section-boxed elementor-section-height-default elementor-section-height-default\" data-id=\"11e242e3\" data-element_type=\"section\" data-settings=\"{&quot;background_background&quot;:&quot;classic&quot;}\">\n\t\t\t\t\t\t<div class=\"elementor-container elementor-column-gap-default\">\n\t\t\t\t\t<div class=\"elementor-column elementor-col-100 elementor-top-column elementor-element elementor-element-775fba0\" data-id=\"775fba0\" data-element_type=\"column\">\n\t\t\t<div class=\"elementor-widget-wrap elementor-element-populated\">\n\t\t\t\t\t\t\t<\/div>\n\t\t<\/div>\n\t\t\t\t\t<\/div>\n\t\t<\/section>\n\t\t\t\t<section class=\"elementor-section elementor-top-section elementor-element elementor-element-36aa9fd9 elementor-section-boxed elementor-section-height-default elementor-section-height-default\" data-id=\"36aa9fd9\" data-element_type=\"section\">\n\t\t\t\t\t\t<div class=\"elementor-container elementor-column-gap-default\">\n\t\t\t\t\t<div class=\"elementor-column elementor-col-100 elementor-top-column elementor-element elementor-element-12a2be61\" data-id=\"12a2be61\" data-element_type=\"column\">\n\t\t\t<div class=\"elementor-widget-wrap elementor-element-populated\">\n\t\t\t\t\t\t<div class=\"elementor-element elementor-element-4f48bb90 elementor-widget elementor-widget-spacer\" data-id=\"4f48bb90\" data-element_type=\"widget\" data-widget_type=\"spacer.default\">\n\t\t\t\t<div class=\"elementor-widget-container\">\n\t\t\t\t\t<div class=\"elementor-spacer\">\n\t\t\t<div class=\"elementor-spacer-inner\"><\/div>\n\t\t<\/div>\n\t\t\t\t<\/div>\n\t\t\t\t<\/div>\n\t\t\t\t\t<\/div>\n\t\t<\/div>\n\t\t\t\t\t<\/div>\n\t\t<\/section>\n\t\t\t\t<section class=\"elementor-section elementor-top-section elementor-element elementor-element-78e3de4 elementor-section-boxed elementor-section-height-default elementor-section-height-default\" data-id=\"78e3de4\" data-element_type=\"section\">\n\t\t\t\t\t\t<div class=\"elementor-container elementor-column-gap-default\">\n\t\t\t\t\t<div class=\"elementor-column elementor-col-100 elementor-top-column elementor-element elementor-element-f333511\" data-id=\"f333511\" data-element_type=\"column\">\n\t\t\t<div class=\"elementor-widget-wrap elementor-element-populated\">\n\t\t\t\t\t\t<div class=\"elementor-element elementor-element-bdcbee6 gallery-spacing-custom elementor-widget elementor-widget-image-gallery\" data-id=\"bdcbee6\" data-element_type=\"widget\" data-widget_type=\"image-gallery.default\">\n\t\t\t\t<div class=\"elementor-widget-container\">\n\t\t\t\t\t<div class=\"elementor-image-gallery\">\n\t\t\t<div id='gallery-1' class='gallery galleryid-7090 gallery-columns-4 gallery-size-medium'><figure class='gallery-item'>\n\t\t\t<div class='gallery-icon portrait'>\n\t\t\t\t<a data-elementor-open-lightbox=\"yes\" data-elementor-lightbox-slideshow=\"bdcbee6\" data-elementor-lightbox-title=\"7c1416f4-9951-4fa8-aa79-8e195319adbe\" data-e-action-hash=\"#elementor-action%3Aaction%3Dlightbox%26settings%3DeyJpZCI6NzMyNiwidXJsIjoiaHR0cHM6XC9cL2RyYWdvLXBldHJjYW5pLmNvbVwvd3AtY29udGVudFwvdXBsb2Fkc1wvMjAyMVwvMDhcLzdjMTQxNmY0LTk5NTEtNGZhOC1hYTc5LThlMTk1MzE5YWRiZS5qcGciLCJzbGlkZXNob3ciOiJiZGNiZWU2In0%3D\" href='https:\/\/drago-petrcani.com\/wp-content\/uploads\/2021\/08\/7c1416f4-9951-4fa8-aa79-8e195319adbe.jpg'><img fetchpriority=\"high\" decoding=\"async\" width=\"225\" height=\"300\" src=\"https:\/\/drago-petrcani.com\/wp-content\/uploads\/2021\/08\/7c1416f4-9951-4fa8-aa79-8e195319adbe-225x300.jpg\" class=\"attachment-medium size-medium\" alt=\"\" srcset=\"https:\/\/drago-petrcani.com\/wp-content\/uploads\/2021\/08\/7c1416f4-9951-4fa8-aa79-8e195319adbe-225x300.jpg 225w, https:\/\/drago-petrcani.com\/wp-content\/uploads\/2021\/08\/7c1416f4-9951-4fa8-aa79-8e195319adbe-9x12.jpg 9w, https:\/\/drago-petrcani.com\/wp-content\/uploads\/2021\/08\/7c1416f4-9951-4fa8-aa79-8e195319adbe-441x588.jpg 441w, https:\/\/drago-petrcani.com\/wp-content\/uploads\/2021\/08\/7c1416f4-9951-4fa8-aa79-8e195319adbe.jpg 750w\" sizes=\"(max-width: 360px) 147px, (max-width: 225px) 100vw, 225px\" \/><\/a>\n\t\t\t<\/div><\/figure><figure class='gallery-item'>\n\t\t\t<div class='gallery-icon portrait'>\n\t\t\t\t<a data-elementor-open-lightbox=\"yes\" data-elementor-lightbox-slideshow=\"bdcbee6\" data-elementor-lightbox-title=\"8560a4bc-35f5-46ec-acbe-8092867853b2\" data-e-action-hash=\"#elementor-action%3Aaction%3Dlightbox%26settings%3DeyJpZCI6NzMyNywidXJsIjoiaHR0cHM6XC9cL2RyYWdvLXBldHJjYW5pLmNvbVwvd3AtY29udGVudFwvdXBsb2Fkc1wvMjAyMVwvMDhcLzg1NjBhNGJjLTM1ZjUtNDZlYy1hY2JlLTgwOTI4Njc4NTNiMi5qcGciLCJzbGlkZXNob3ciOiJiZGNiZWU2In0%3D\" href='https:\/\/drago-petrcani.com\/wp-content\/uploads\/2021\/08\/8560a4bc-35f5-46ec-acbe-8092867853b2.jpg'><img decoding=\"async\" width=\"225\" height=\"300\" src=\"https:\/\/drago-petrcani.com\/wp-content\/uploads\/2021\/08\/8560a4bc-35f5-46ec-acbe-8092867853b2-225x300.jpg\" class=\"attachment-medium size-medium\" alt=\"\" srcset=\"https:\/\/drago-petrcani.com\/wp-content\/uploads\/2021\/08\/8560a4bc-35f5-46ec-acbe-8092867853b2-225x300.jpg 225w, https:\/\/drago-petrcani.com\/wp-content\/uploads\/2021\/08\/8560a4bc-35f5-46ec-acbe-8092867853b2-9x12.jpg 9w, https:\/\/drago-petrcani.com\/wp-content\/uploads\/2021\/08\/8560a4bc-35f5-46ec-acbe-8092867853b2-441x588.jpg 441w, https:\/\/drago-petrcani.com\/wp-content\/uploads\/2021\/08\/8560a4bc-35f5-46ec-acbe-8092867853b2.jpg 750w\" sizes=\"(max-width: 360px) 147px, (max-width: 225px) 100vw, 225px\" \/><\/a>\n\t\t\t<\/div><\/figure><figure class='gallery-item'>\n\t\t\t<div class='gallery-icon portrait'>\n\t\t\t\t<a data-elementor-open-lightbox=\"yes\" data-elementor-lightbox-slideshow=\"bdcbee6\" data-elementor-lightbox-title=\"58768c0b-9b38-492e-ae3a-ffc71e4760b6\" data-e-action-hash=\"#elementor-action%3Aaction%3Dlightbox%26settings%3DeyJpZCI6NzMyOCwidXJsIjoiaHR0cHM6XC9cL2RyYWdvLXBldHJjYW5pLmNvbVwvd3AtY29udGVudFwvdXBsb2Fkc1wvMjAyMVwvMDhcLzU4NzY4YzBiLTliMzgtNDkyZS1hZTNhLWZmYzcxZTQ3NjBiNi5qcGciLCJzbGlkZXNob3ciOiJiZGNiZWU2In0%3D\" href='https:\/\/drago-petrcani.com\/wp-content\/uploads\/2021\/08\/58768c0b-9b38-492e-ae3a-ffc71e4760b6.jpg'><img decoding=\"async\" width=\"225\" height=\"300\" src=\"https:\/\/drago-petrcani.com\/wp-content\/uploads\/2021\/08\/58768c0b-9b38-492e-ae3a-ffc71e4760b6-225x300.jpg\" class=\"attachment-medium size-medium\" alt=\"\" srcset=\"https:\/\/drago-petrcani.com\/wp-content\/uploads\/2021\/08\/58768c0b-9b38-492e-ae3a-ffc71e4760b6-225x300.jpg 225w, https:\/\/drago-petrcani.com\/wp-content\/uploads\/2021\/08\/58768c0b-9b38-492e-ae3a-ffc71e4760b6-9x12.jpg 9w, https:\/\/drago-petrcani.com\/wp-content\/uploads\/2021\/08\/58768c0b-9b38-492e-ae3a-ffc71e4760b6-441x588.jpg 441w, https:\/\/drago-petrcani.com\/wp-content\/uploads\/2021\/08\/58768c0b-9b38-492e-ae3a-ffc71e4760b6.jpg 750w\" sizes=\"(max-width: 360px) 147px, (max-width: 225px) 100vw, 225px\" \/><\/a>\n\t\t\t<\/div><\/figure><figure class='gallery-item'>\n\t\t\t<div class='gallery-icon portrait'>\n\t\t\t\t<a data-elementor-open-lightbox=\"yes\" data-elementor-lightbox-slideshow=\"bdcbee6\" data-elementor-lightbox-title=\"61571752-7a5f-4aaf-9e65-bab45c827045\" data-e-action-hash=\"#elementor-action%3Aaction%3Dlightbox%26settings%3DeyJpZCI6NzMyOSwidXJsIjoiaHR0cHM6XC9cL2RyYWdvLXBldHJjYW5pLmNvbVwvd3AtY29udGVudFwvdXBsb2Fkc1wvMjAyMVwvMDhcLzYxNTcxNzUyLTdhNWYtNGFhZi05ZTY1LWJhYjQ1YzgyNzA0NS5qcGciLCJzbGlkZXNob3ciOiJiZGNiZWU2In0%3D\" href='https:\/\/drago-petrcani.com\/wp-content\/uploads\/2021\/08\/61571752-7a5f-4aaf-9e65-bab45c827045.jpg'><img loading=\"lazy\" decoding=\"async\" width=\"225\" height=\"300\" src=\"https:\/\/drago-petrcani.com\/wp-content\/uploads\/2021\/08\/61571752-7a5f-4aaf-9e65-bab45c827045-225x300.jpg\" class=\"attachment-medium size-medium\" alt=\"\" srcset=\"https:\/\/drago-petrcani.com\/wp-content\/uploads\/2021\/08\/61571752-7a5f-4aaf-9e65-bab45c827045-225x300.jpg 225w, https:\/\/drago-petrcani.com\/wp-content\/uploads\/2021\/08\/61571752-7a5f-4aaf-9e65-bab45c827045-9x12.jpg 9w, https:\/\/drago-petrcani.com\/wp-content\/uploads\/2021\/08\/61571752-7a5f-4aaf-9e65-bab45c827045-441x588.jpg 441w, https:\/\/drago-petrcani.com\/wp-content\/uploads\/2021\/08\/61571752-7a5f-4aaf-9e65-bab45c827045.jpg 750w\" sizes=\"(max-width: 360px) 147px, (max-width: 225px) 100vw, 225px\" \/><\/a>\n\t\t\t<\/div><\/figure><figure class='gallery-item'>\n\t\t\t<div class='gallery-icon portrait'>\n\t\t\t\t<a data-elementor-open-lightbox=\"yes\" data-elementor-lightbox-slideshow=\"bdcbee6\" data-elementor-lightbox-title=\"a300c5cf-1f22-4301-a6c9-f56e024fbd36\" data-e-action-hash=\"#elementor-action%3Aaction%3Dlightbox%26settings%3DeyJpZCI6NzMzMCwidXJsIjoiaHR0cHM6XC9cL2RyYWdvLXBldHJjYW5pLmNvbVwvd3AtY29udGVudFwvdXBsb2Fkc1wvMjAyMVwvMDhcL2EzMDBjNWNmLTFmMjItNDMwMS1hNmM5LWY1NmUwMjRmYmQzNi5qcGciLCJzbGlkZXNob3ciOiJiZGNiZWU2In0%3D\" href='https:\/\/drago-petrcani.com\/wp-content\/uploads\/2021\/08\/a300c5cf-1f22-4301-a6c9-f56e024fbd36.jpg'><img loading=\"lazy\" decoding=\"async\" width=\"225\" height=\"300\" src=\"https:\/\/drago-petrcani.com\/wp-content\/uploads\/2021\/08\/a300c5cf-1f22-4301-a6c9-f56e024fbd36-225x300.jpg\" class=\"attachment-medium size-medium\" alt=\"\" srcset=\"https:\/\/drago-petrcani.com\/wp-content\/uploads\/2021\/08\/a300c5cf-1f22-4301-a6c9-f56e024fbd36-225x300.jpg 225w, https:\/\/drago-petrcani.com\/wp-content\/uploads\/2021\/08\/a300c5cf-1f22-4301-a6c9-f56e024fbd36-9x12.jpg 9w, https:\/\/drago-petrcani.com\/wp-content\/uploads\/2021\/08\/a300c5cf-1f22-4301-a6c9-f56e024fbd36-441x588.jpg 441w, https:\/\/drago-petrcani.com\/wp-content\/uploads\/2021\/08\/a300c5cf-1f22-4301-a6c9-f56e024fbd36.jpg 750w\" sizes=\"(max-width: 360px) 147px, (max-width: 225px) 100vw, 225px\" \/><\/a>\n\t\t\t<\/div><\/figure><figure class='gallery-item'>\n\t\t\t<div class='gallery-icon portrait'>\n\t\t\t\t<a data-elementor-open-lightbox=\"yes\" data-elementor-lightbox-slideshow=\"bdcbee6\" data-elementor-lightbox-title=\"b1b1db8c-6419-43c4-9aee-3a1c8382855b\" data-e-action-hash=\"#elementor-action%3Aaction%3Dlightbox%26settings%3DeyJpZCI6NzMzMSwidXJsIjoiaHR0cHM6XC9cL2RyYWdvLXBldHJjYW5pLmNvbVwvd3AtY29udGVudFwvdXBsb2Fkc1wvMjAyMVwvMDhcL2IxYjFkYjhjLTY0MTktNDNjNC05YWVlLTNhMWM4MzgyODU1Yi5qcGciLCJzbGlkZXNob3ciOiJiZGNiZWU2In0%3D\" href='https:\/\/drago-petrcani.com\/wp-content\/uploads\/2021\/08\/b1b1db8c-6419-43c4-9aee-3a1c8382855b.jpg'><img loading=\"lazy\" decoding=\"async\" width=\"225\" height=\"300\" src=\"https:\/\/drago-petrcani.com\/wp-content\/uploads\/2021\/08\/b1b1db8c-6419-43c4-9aee-3a1c8382855b-225x300.jpg\" class=\"attachment-medium size-medium\" alt=\"\" srcset=\"https:\/\/drago-petrcani.com\/wp-content\/uploads\/2021\/08\/b1b1db8c-6419-43c4-9aee-3a1c8382855b-225x300.jpg 225w, https:\/\/drago-petrcani.com\/wp-content\/uploads\/2021\/08\/b1b1db8c-6419-43c4-9aee-3a1c8382855b-9x12.jpg 9w, https:\/\/drago-petrcani.com\/wp-content\/uploads\/2021\/08\/b1b1db8c-6419-43c4-9aee-3a1c8382855b-441x588.jpg 441w, https:\/\/drago-petrcani.com\/wp-content\/uploads\/2021\/08\/b1b1db8c-6419-43c4-9aee-3a1c8382855b.jpg 750w\" sizes=\"(max-width: 360px) 147px, (max-width: 225px) 100vw, 225px\" \/><\/a>\n\t\t\t<\/div><\/figure><figure class='gallery-item'>\n\t\t\t<div class='gallery-icon portrait'>\n\t\t\t\t<a data-elementor-open-lightbox=\"yes\" data-elementor-lightbox-slideshow=\"bdcbee6\" data-elementor-lightbox-title=\"dbd93aa8-444f-4b71-be95-2bf637696f57\" data-e-action-hash=\"#elementor-action%3Aaction%3Dlightbox%26settings%3DeyJpZCI6NzMzMiwidXJsIjoiaHR0cHM6XC9cL2RyYWdvLXBldHJjYW5pLmNvbVwvd3AtY29udGVudFwvdXBsb2Fkc1wvMjAyMVwvMDhcL2RiZDkzYWE4LTQ0NGYtNGI3MS1iZTk1LTJiZjYzNzY5NmY1Ny5qcGciLCJzbGlkZXNob3ciOiJiZGNiZWU2In0%3D\" href='https:\/\/drago-petrcani.com\/wp-content\/uploads\/2021\/08\/dbd93aa8-444f-4b71-be95-2bf637696f57.jpg'><img loading=\"lazy\" decoding=\"async\" width=\"225\" height=\"300\" src=\"https:\/\/drago-petrcani.com\/wp-content\/uploads\/2021\/08\/dbd93aa8-444f-4b71-be95-2bf637696f57-225x300.jpg\" class=\"attachment-medium size-medium\" alt=\"\" srcset=\"https:\/\/drago-petrcani.com\/wp-content\/uploads\/2021\/08\/dbd93aa8-444f-4b71-be95-2bf637696f57-225x300.jpg 225w, https:\/\/drago-petrcani.com\/wp-content\/uploads\/2021\/08\/dbd93aa8-444f-4b71-be95-2bf637696f57-9x12.jpg 9w, https:\/\/drago-petrcani.com\/wp-content\/uploads\/2021\/08\/dbd93aa8-444f-4b71-be95-2bf637696f57-441x588.jpg 441w, https:\/\/drago-petrcani.com\/wp-content\/uploads\/2021\/08\/dbd93aa8-444f-4b71-be95-2bf637696f57.jpg 750w\" sizes=\"(max-width: 360px) 147px, (max-width: 225px) 100vw, 225px\" \/><\/a>\n\t\t\t<\/div><\/figure><figure class='gallery-item'>\n\t\t\t<div class='gallery-icon portrait'>\n\t\t\t\t<a data-elementor-open-lightbox=\"yes\" data-elementor-lightbox-slideshow=\"bdcbee6\" data-elementor-lightbox-title=\"ec8a55cf-e83d-4c3b-ba25-e4c8f05efa01\" data-e-action-hash=\"#elementor-action%3Aaction%3Dlightbox%26settings%3DeyJpZCI6NzMzMywidXJsIjoiaHR0cHM6XC9cL2RyYWdvLXBldHJjYW5pLmNvbVwvd3AtY29udGVudFwvdXBsb2Fkc1wvMjAyMVwvMDhcL2VjOGE1NWNmLWU4M2QtNGMzYi1iYTI1LWU0YzhmMDVlZmEwMS5qcGciLCJzbGlkZXNob3ciOiJiZGNiZWU2In0%3D\" href='https:\/\/drago-petrcani.com\/wp-content\/uploads\/2021\/08\/ec8a55cf-e83d-4c3b-ba25-e4c8f05efa01.jpg'><img loading=\"lazy\" decoding=\"async\" width=\"225\" height=\"300\" src=\"https:\/\/drago-petrcani.com\/wp-content\/uploads\/2021\/08\/ec8a55cf-e83d-4c3b-ba25-e4c8f05efa01-225x300.jpg\" class=\"attachment-medium size-medium\" alt=\"\" srcset=\"https:\/\/drago-petrcani.com\/wp-content\/uploads\/2021\/08\/ec8a55cf-e83d-4c3b-ba25-e4c8f05efa01-225x300.jpg 225w, https:\/\/drago-petrcani.com\/wp-content\/uploads\/2021\/08\/ec8a55cf-e83d-4c3b-ba25-e4c8f05efa01-9x12.jpg 9w, https:\/\/drago-petrcani.com\/wp-content\/uploads\/2021\/08\/ec8a55cf-e83d-4c3b-ba25-e4c8f05efa01-441x588.jpg 441w, https:\/\/drago-petrcani.com\/wp-content\/uploads\/2021\/08\/ec8a55cf-e83d-4c3b-ba25-e4c8f05efa01.jpg 750w\" sizes=\"(max-width: 360px) 147px, (max-width: 225px) 100vw, 225px\" \/><\/a>\n\t\t\t<\/div><\/figure>\n\t\t<\/div>\n\t\t<\/div>\n\t\t\t\t<\/div>\n\t\t\t\t<\/div>\n\t\t\t\t\t<\/div>\n\t\t<\/div>\n\t\t\t\t\t<\/div>\n\t\t<\/section>\n\t\t\t\t<section class=\"elementor-section elementor-top-section elementor-element elementor-element-da471f2 elementor-section-boxed elementor-section-height-default elementor-section-height-default\" data-id=\"da471f2\" data-element_type=\"section\">\n\t\t\t\t\t\t<div class=\"elementor-container elementor-column-gap-default\">\n\t\t\t\t\t<div class=\"elementor-column elementor-col-50 elementor-top-column elementor-element elementor-element-8c126fd\" data-id=\"8c126fd\" data-element_type=\"column\">\n\t\t\t<div class=\"elementor-widget-wrap elementor-element-populated\">\n\t\t\t\t\t\t<div class=\"elementor-element elementor-element-70cbf0c elementor-widget elementor-widget-text-editor\" data-id=\"70cbf0c\" data-element_type=\"widget\" data-widget_type=\"text-editor.default\">\n\t\t\t\t<div class=\"elementor-widget-container\">\n\t\t\t\t\t\t\t<h2><span style=\"color: #ff6600;\"><strong>Kategorija ***<\/strong><\/span><\/h2><p>1. kat<\/p><p>Broj kupaonica s tus kadom : 1<\/p><p>Boravak i kuhinja su u jednoj prostoriji<\/p><p>Povrsina (boravka, blagovaone ili kuhinje) 15 m2<\/p><p>Televizor sa satelitskim programom<\/p><p>Dje\u010dji kreveti\u0107 (usluga na zahtjev)<\/p><p>Gla\u010dalo (usluga na zahtjev)<\/p><p>Posude za pripremanje i serviranje hrane i pi\u0107a, te pribor za jelo u odgovaraju\u0107im koli\u010dinama<\/p><p>Hladnjak<\/p><p>Susilo za kosu (usluga na zahtjev)<\/p><p>Stroj za pranje rublja (usluga se napla\u010duje)<\/p><p>\u010cis\u0107enje i pospremanje 1x tjedno<\/p><p>Dozvoljeno pusenje u apartmanu<\/p><p>Pogled na : dvoriste i prirodu<\/p>\t\t\t\t\t\t<\/div>\n\t\t\t\t<\/div>\n\t\t\t\t\t<\/div>\n\t\t<\/div>\n\t\t\t\t<div class=\"elementor-column elementor-col-50 elementor-top-column elementor-element elementor-element-9f96419\" data-id=\"9f96419\" data-element_type=\"column\">\n\t\t\t<div class=\"elementor-widget-wrap elementor-element-populated\">\n\t\t\t\t\t\t<div class=\"elementor-element elementor-element-e80d4c0 elementor-widget elementor-widget-text-editor\" data-id=\"e80d4c0\" data-element_type=\"widget\" data-widget_type=\"text-editor.default\">\n\t\t\t\t<div class=\"elementor-widget-container\">\n\t\t\t\t\t\t\t<h2><span style=\"color: #ff6600;\"><strong>Soba 1:<\/strong><\/span><\/h2><p>Ukupan broj le\u017eaja u sobi: 2<\/p><p>Broj bra\u010dnih le\u017eaja: 1<\/p><p>Povrsina sobe je 12 m2<\/p><h2><span style=\"color: #ff6600;\"><strong>Soba 2:<\/strong><\/span><\/h2><p>Ukupan broj le\u017eaja u sobi: 2<\/p><p>Broj jednostrukih le\u017eaja: 2<\/p><p>Povrsina sobe je 12 m2<\/p>\t\t\t\t\t\t<\/div>\n\t\t\t\t<\/div>\n\t\t\t\t\t<\/div>\n\t\t<\/div>\n\t\t\t\t\t<\/div>\n\t\t<\/section>\n\t\t\t\t<section class=\"elementor-section elementor-top-section elementor-element elementor-element-22f577be elementor-section-full_width elementor-section-height-default elementor-section-height-default\" data-id=\"22f577be\" data-element_type=\"section\" data-settings=\"{&quot;background_background&quot;:&quot;classic&quot;}\">\n\t\t\t\t\t\t<div class=\"elementor-container elementor-column-gap-default\">\n\t\t\t\t\t<div class=\"elementor-column elementor-col-100 elementor-top-column elementor-element elementor-element-235a4c61\" data-id=\"235a4c61\" data-element_type=\"column\">\n\t\t\t<div class=\"elementor-widget-wrap elementor-element-populated\">\n\t\t\t\t\t\t<div class=\"elementor-element elementor-element-c2f1b0e elementor-align-center elementor-widget elementor-widget-button\" data-id=\"c2f1b0e\" data-element_type=\"widget\" data-widget_type=\"button.default\">\n\t\t\t\t<div class=\"elementor-widget-container\">\n\t\t\t\t\t\t\t<div class=\"elementor-button-wrapper\">\n\t\t\t\t\t<a class=\"elementor-button elementor-button-link elementor-size-sm\" href=\"https:\/\/drago-petrcani.com\/de\/contact-us\/\">\n\t\t\t\t\t\t<span class=\"elementor-button-content-wrapper\">\n\t\t\t\t\t\t\t\t\t<span class=\"elementor-button-text\">RESERVIRUNGEN<\/span>\n\t\t\t\t\t<\/span>\n\t\t\t\t\t<\/a>\n\t\t\t\t<\/div>\n\t\t\t\t\t\t<\/div>\n\t\t\t\t<\/div>\n\t\t\t\t\t<\/div>\n\t\t<\/div>\n\t\t\t\t\t<\/div>\n\t\t<\/section>\n\t\t\t\t<\/div>","protected":false},"excerpt":{"rendered":"<p>Kategorija *** 1. kat Broj kupaonica s tus kadom : 1 Boravak i kuhinja su u jednoj prostoriji Povrsina (boravka, blagovaone ili kuhinje) 15 m2 Televizor sa satelitskim programom Dje\u010dji kreveti\u0107 (usluga na zahtjev) Gla\u010dalo (usluga na zahtjev) Posude za pripremanje i serviranje hrane i pi\u0107a, te pribor za jelo u odgovaraju\u0107im koli\u010dinama Hladnjak Susilo [&hellip;]<\/p>","protected":false},"author":1,"featured_media":0,"parent":0,"menu_order":0,"comment_status":"closed","ping_status":"closed","template":"template-canvas.php","meta":{"footnotes":""},"class_list":["post-7090","page","type-page","status-publish","hentry"],"_links":{"self":[{"href":"https:\/\/drago-petrcani.com\/de\/wp-json\/wp\/v2\/pages\/7090","targetHints":{"allow":["GET"]}}],"collection":[{"href":"https:\/\/drago-petrcani.com\/de\/wp-json\/wp\/v2\/pages"}],"about":[{"href":"https:\/\/drago-petrcani.com\/de\/wp-json\/wp\/v2\/types\/page"}],"author":[{"embeddable":true,"href":"https:\/\/drago-petrcani.com\/de\/wp-json\/wp\/v2\/users\/1"}],"replies":[{"embeddable":true,"href":"https:\/\/drago-petrcani.com\/de\/wp-json\/wp\/v2\/comments?post=7090"}],"version-history":[{"count":12,"href":"https:\/\/drago-petrcani.com\/de\/wp-json\/wp\/v2\/pages\/7090\/revisions"}],"predecessor-version":[{"id":7337,"href":"https:\/\/drago-petrcani.com\/de\/wp-json\/wp\/v2\/pages\/7090\/revisions\/7337"}],"wp:attachment":[{"href":"https:\/\/drago-petrcani.com\/de\/wp-json\/wp\/v2\/media?parent=7090"}],"curies":[{"name":"wp","href":"https:\/\/api.w.org\/{rel}","templated":true}]}}