{"id":7123,"date":"2021-07-30T10:11:01","date_gmt":"2021-07-30T08:11:01","guid":{"rendered":"https:\/\/drago-apartmani.com\/?page_id=7123"},"modified":"2021-07-30T10:13:17","modified_gmt":"2021-07-30T08:13:17","slug":"apartman-a7","status":"publish","type":"page","link":"https:\/\/drago-petrcani.com\/de\/apartman-a7\/","title":{"rendered":"Apartman A7"},"content":{"rendered":"<div data-elementor-type=\"wp-page\" data-elementor-id=\"7123\" class=\"elementor elementor-7123\" data-elementor-post-type=\"page\">\n\t\t\t\t\t\t<section class=\"elementor-section elementor-top-section elementor-element elementor-element-1fac9c46 elementor-section-full_width elementor-section-height-default elementor-section-height-default\" data-id=\"1fac9c46\" data-element_type=\"section\" data-settings=\"{&quot;background_background&quot;:&quot;classic&quot;}\">\n\t\t\t\t\t\t<div class=\"elementor-container elementor-column-gap-default\">\n\t\t\t\t\t<div class=\"elementor-column elementor-col-100 elementor-top-column elementor-element elementor-element-1ecf74f4\" data-id=\"1ecf74f4\" data-element_type=\"column\">\n\t\t\t<div class=\"elementor-widget-wrap\">\n\t\t\t\t\t\t\t<\/div>\n\t\t<\/div>\n\t\t\t\t\t<\/div>\n\t\t<\/section>\n\t\t\t\t<section class=\"elementor-section elementor-top-section elementor-element elementor-element-1b346c00 elementor-section-boxed elementor-section-height-default elementor-section-height-default\" data-id=\"1b346c00\" data-element_type=\"section\" data-settings=\"{&quot;background_background&quot;:&quot;classic&quot;}\">\n\t\t\t\t\t\t<div class=\"elementor-container elementor-column-gap-default\">\n\t\t\t\t\t<div class=\"elementor-column elementor-col-100 elementor-top-column elementor-element elementor-element-6a86d7d6\" data-id=\"6a86d7d6\" data-element_type=\"column\">\n\t\t\t<div class=\"elementor-widget-wrap elementor-element-populated\">\n\t\t\t\t\t\t\t<\/div>\n\t\t<\/div>\n\t\t\t\t\t<\/div>\n\t\t<\/section>\n\t\t\t\t<section class=\"elementor-section elementor-top-section elementor-element elementor-element-2ecc01e7 elementor-section-boxed elementor-section-height-default elementor-section-height-default\" data-id=\"2ecc01e7\" data-element_type=\"section\">\n\t\t\t\t\t\t<div class=\"elementor-container elementor-column-gap-default\">\n\t\t\t\t\t<div class=\"elementor-column elementor-col-100 elementor-top-column elementor-element elementor-element-7ae45997\" data-id=\"7ae45997\" data-element_type=\"column\">\n\t\t\t<div class=\"elementor-widget-wrap elementor-element-populated\">\n\t\t\t\t\t\t<div class=\"elementor-element elementor-element-1a874911 elementor-widget elementor-widget-spacer\" data-id=\"1a874911\" data-element_type=\"widget\" data-widget_type=\"spacer.default\">\n\t\t\t\t<div class=\"elementor-widget-container\">\n\t\t\t\t\t<div class=\"elementor-spacer\">\n\t\t\t<div class=\"elementor-spacer-inner\"><\/div>\n\t\t<\/div>\n\t\t\t\t<\/div>\n\t\t\t\t<\/div>\n\t\t\t\t\t<\/div>\n\t\t<\/div>\n\t\t\t\t\t<\/div>\n\t\t<\/section>\n\t\t\t\t<section class=\"elementor-section elementor-top-section elementor-element elementor-element-5960742 elementor-section-boxed elementor-section-height-default elementor-section-height-default\" data-id=\"5960742\" data-element_type=\"section\">\n\t\t\t\t\t\t<div class=\"elementor-container elementor-column-gap-default\">\n\t\t\t\t\t<div class=\"elementor-column elementor-col-100 elementor-top-column elementor-element elementor-element-a803db5\" data-id=\"a803db5\" data-element_type=\"column\">\n\t\t\t<div class=\"elementor-widget-wrap elementor-element-populated\">\n\t\t\t\t\t\t\t<\/div>\n\t\t<\/div>\n\t\t\t\t\t<\/div>\n\t\t<\/section>\n\t\t\t\t<section class=\"elementor-section elementor-top-section elementor-element elementor-element-6178f44 elementor-section-boxed elementor-section-height-default elementor-section-height-default\" data-id=\"6178f44\" data-element_type=\"section\">\n\t\t\t\t\t\t<div class=\"elementor-container elementor-column-gap-default\">\n\t\t\t\t\t<div class=\"elementor-column elementor-col-50 elementor-top-column elementor-element elementor-element-25b6ad5\" data-id=\"25b6ad5\" data-element_type=\"column\">\n\t\t\t<div class=\"elementor-widget-wrap elementor-element-populated\">\n\t\t\t\t\t\t<div class=\"elementor-element elementor-element-d22fbc6 elementor-widget elementor-widget-text-editor\" data-id=\"d22fbc6\" data-element_type=\"widget\" data-widget_type=\"text-editor.default\">\n\t\t\t\t<div class=\"elementor-widget-container\">\n\t\t\t\t\t\t\t<h2><span style=\"color: #ff6600;\"><strong>Kategorija ***<\/strong><\/span><\/h2><p>2. kat<\/p><p>Broj kupaonica s tus kadom: 1<\/p><p>Boravak i kuhinja su u posebnim prostorijama<\/p><p>Povrsina (boravka, blagovaone, kuhinje) 15 m2<\/p><p>Terasa, 10 m2<\/p><p>Televizor sa satelitskim programom<\/p><p>Dje\u010dji kreveti\u0107 (usluga na zahtjev)<\/p><p>Gla\u010dalo (usluga na zahtjev)<\/p><p>Posude za pripremanje i serviranje hrane i pi\u0107a, te pribor za jelo u odgovaraju\u0107im koli\u010dinama<\/p><p>Hladnjak<\/p><p>Susilo za kosu (usluga na zahtjev)<\/p><p>Stroj za pranje rublja (usluga je zajedni\u010dka)<\/p><p>\u010cis\u0107enje i pospremanje 1x tjedno<\/p><p>Dozvoljeno pusenje u apartmanu<\/p><p>Pogled na : dvoriste (soba), more (dnevni boravak)<\/p>\t\t\t\t\t\t<\/div>\n\t\t\t\t<\/div>\n\t\t\t\t\t<\/div>\n\t\t<\/div>\n\t\t\t\t<div class=\"elementor-column elementor-col-50 elementor-top-column elementor-element elementor-element-c58c610\" data-id=\"c58c610\" data-element_type=\"column\">\n\t\t\t<div class=\"elementor-widget-wrap elementor-element-populated\">\n\t\t\t\t\t\t<div class=\"elementor-element elementor-element-de4bdb9 elementor-widget elementor-widget-text-editor\" data-id=\"de4bdb9\" data-element_type=\"widget\" data-widget_type=\"text-editor.default\">\n\t\t\t\t<div class=\"elementor-widget-container\">\n\t\t\t\t\t\t\t<h2><span style=\"color: #ff6600;\"><strong>Soba 1:<\/strong><\/span><\/h2><p>Ukupan broj le\u017eaja u sobi: 2<\/p><p>Broj bra\u010dnih le\u017eaja: 1<\/p><p>Povrsina sobe je 12 m2<\/p><h2><span style=\"color: #ff6600;\"><strong>Soba 2:<\/strong><\/span><\/h2><p>Ukupan broj le\u017eaja u sobi: 2<\/p><p>Broj bra\u010dnih le\u017eaja: 1<\/p><p>Povrsina sobe je 12 m2<\/p><h2><span style=\"color: #ff6600;\"><strong>Soba 3:<\/strong><\/span><\/h2><p>Ukupan broj le\u017eaja u sobi: 1<\/p>\t\t\t\t\t\t<\/div>\n\t\t\t\t<\/div>\n\t\t\t\t\t<\/div>\n\t\t<\/div>\n\t\t\t\t\t<\/div>\n\t\t<\/section>\n\t\t\t\t<section class=\"elementor-section elementor-top-section elementor-element elementor-element-429494ba elementor-section-full_width elementor-section-height-default elementor-section-height-default\" data-id=\"429494ba\" data-element_type=\"section\" data-settings=\"{&quot;background_background&quot;:&quot;classic&quot;}\">\n\t\t\t\t\t\t<div class=\"elementor-container elementor-column-gap-default\">\n\t\t\t\t\t<div class=\"elementor-column elementor-col-100 elementor-top-column elementor-element elementor-element-3d5885c\" data-id=\"3d5885c\" data-element_type=\"column\">\n\t\t\t<div class=\"elementor-widget-wrap elementor-element-populated\">\n\t\t\t\t\t\t<div class=\"elementor-element elementor-element-450688c6 elementor-align-center elementor-widget elementor-widget-button\" data-id=\"450688c6\" data-element_type=\"widget\" data-widget_type=\"button.default\">\n\t\t\t\t<div class=\"elementor-widget-container\">\n\t\t\t\t\t\t\t<div class=\"elementor-button-wrapper\">\n\t\t\t\t\t<a class=\"elementor-button elementor-button-link elementor-size-sm\" href=\"https:\/\/drago-petrcani.com\/de\/contact-us\/\">\n\t\t\t\t\t\t<span class=\"elementor-button-content-wrapper\">\n\t\t\t\t\t\t\t\t\t<span class=\"elementor-button-text\">RESERVIRUNGEN<\/span>\n\t\t\t\t\t<\/span>\n\t\t\t\t\t<\/a>\n\t\t\t\t<\/div>\n\t\t\t\t\t\t<\/div>\n\t\t\t\t<\/div>\n\t\t\t\t\t<\/div>\n\t\t<\/div>\n\t\t\t\t\t<\/div>\n\t\t<\/section>\n\t\t\t\t<\/div>","protected":false},"excerpt":{"rendered":"<p>Kategorija *** 2. kat Broj kupaonica s tus kadom: 1 Boravak i kuhinja su u posebnim prostorijama Povrsina (boravka, blagovaone, kuhinje) 15 m2 Terasa, 10 m2 Televizor sa satelitskim programom Dje\u010dji kreveti\u0107 (usluga na zahtjev) Gla\u010dalo (usluga na zahtjev) Posude za pripremanje i serviranje hrane i pi\u0107a, te pribor za jelo u odgovaraju\u0107im koli\u010dinama Hladnjak [&hellip;]<\/p>","protected":false},"author":1,"featured_media":0,"parent":0,"menu_order":0,"comment_status":"closed","ping_status":"closed","template":"template-canvas.php","meta":{"footnotes":""},"class_list":["post-7123","page","type-page","status-publish","hentry"],"_links":{"self":[{"href":"https:\/\/drago-petrcani.com\/de\/wp-json\/wp\/v2\/pages\/7123","targetHints":{"allow":["GET"]}}],"collection":[{"href":"https:\/\/drago-petrcani.com\/de\/wp-json\/wp\/v2\/pages"}],"about":[{"href":"https:\/\/drago-petrcani.com\/de\/wp-json\/wp\/v2\/types\/page"}],"author":[{"embeddable":true,"href":"https:\/\/drago-petrcani.com\/de\/wp-json\/wp\/v2\/users\/1"}],"replies":[{"embeddable":true,"href":"https:\/\/drago-petrcani.com\/de\/wp-json\/wp\/v2\/comments?post=7123"}],"version-history":[{"count":11,"href":"https:\/\/drago-petrcani.com\/de\/wp-json\/wp\/v2\/pages\/7123\/revisions"}],"predecessor-version":[{"id":7135,"href":"https:\/\/drago-petrcani.com\/de\/wp-json\/wp\/v2\/pages\/7123\/revisions\/7135"}],"wp:attachment":[{"href":"https:\/\/drago-petrcani.com\/de\/wp-json\/wp\/v2\/media?parent=7123"}],"curies":[{"name":"wp","href":"https:\/\/api.w.org\/{rel}","templated":true}]}}