{"id":1132,"date":"2018-07-07T11:27:10","date_gmt":"2018-07-07T11:27:10","guid":{"rendered":"http:\/\/shoptimizer.local\/?page_id=779"},"modified":"2021-07-30T11:37:57","modified_gmt":"2021-07-30T09:37:57","slug":"contact-us","status":"publish","type":"page","link":"https:\/\/drago-petrcani.com\/en\/contact-us\/","title":{"rendered":"Contact"},"content":{"rendered":"<div data-elementor-type=\"wp-post\" data-elementor-id=\"1132\" class=\"elementor elementor-1132\" data-elementor-post-type=\"page\">\n\t\t\t\t\t\t<section class=\"elementor-section elementor-top-section elementor-element elementor-element-6a79221 elementor-section-stretched elementor-section-full_width elementor-section-height-default elementor-section-height-default\" data-id=\"6a79221\" data-element_type=\"section\" data-settings=\"{&quot;stretch_section&quot;:&quot;section-stretched&quot;}\">\n\t\t\t\t\t\t<div class=\"elementor-container elementor-column-gap-no\">\n\t\t\t\t\t<div class=\"elementor-column elementor-col-100 elementor-top-column elementor-element elementor-element-dfc1dba\" data-id=\"dfc1dba\" data-element_type=\"column\">\n\t\t\t<div class=\"elementor-widget-wrap elementor-element-populated\">\n\t\t\t\t\t\t<div class=\"elementor-element elementor-element-3fa31a6 elementor-widget elementor-widget-google_maps\" data-id=\"3fa31a6\" data-element_type=\"widget\" data-widget_type=\"google_maps.default\">\n\t\t\t\t<div class=\"elementor-widget-container\">\n\t\t\t\t\t<div class=\"elementor-custom-embed\">\n\t\t\t<iframe loading=\"lazy\"\n\t\t\t\t\tsrc=\"https:\/\/maps.google.com\/maps?q=Petr%C4%8Dane%20&#038;t=m&#038;z=9&#038;output=embed&#038;iwloc=near\"\n\t\t\t\t\ttitle=\"Petr\u010dane \"\n\t\t\t\t\taria-label=\"Petr\u010dane \"\n\t\t\t><\/iframe>\n\t\t<\/div>\n\t\t\t\t<\/div>\n\t\t\t\t<\/div>\n\t\t\t\t\t<\/div>\n\t\t<\/div>\n\t\t\t\t\t<\/div>\n\t\t<\/section>\n\t\t\t\t<section class=\"elementor-section elementor-top-section elementor-element elementor-element-3fdebd4 elementor-section-content-top elementor-section-boxed elementor-section-height-default elementor-section-height-default\" data-id=\"3fdebd4\" data-element_type=\"section\">\n\t\t\t\t\t\t<div class=\"elementor-container elementor-column-gap-wider\">\n\t\t\t\t\t<div class=\"elementor-column elementor-col-50 elementor-top-column elementor-element elementor-element-b276ccd\" data-id=\"b276ccd\" data-element_type=\"column\">\n\t\t\t<div class=\"elementor-widget-wrap elementor-element-populated\">\n\t\t\t\t\t\t<div class=\"elementor-element elementor-element-ca20b00 elementor-widget elementor-widget-heading\" data-id=\"ca20b00\" data-element_type=\"widget\" data-widget_type=\"heading.default\">\n\t\t\t\t<div class=\"elementor-widget-container\">\n\t\t\t<h2 class=\"elementor-heading-title elementor-size-default\">Contact<\/h2>\t\t<\/div>\n\t\t\t\t<\/div>\n\t\t\t\t<div class=\"elementor-element elementor-element-bf3049f elementor-widget elementor-widget-text-editor\" data-id=\"bf3049f\" data-element_type=\"widget\" data-widget_type=\"text-editor.default\">\n\t\t\t\t<div class=\"elementor-widget-container\">\n\t\t\t\t\t\t\t<p><img decoding=\"async\" class=\"size-medium wp-image-6688 aligncenter\" src=\"https:\/\/drago-petrcani.com\/wp-content\/uploads\/2021\/07\/logo-en.png\" alt=\"\" width=\"300\" height=\"47\" srcset=\"https:\/\/drago-petrcani.com\/wp-content\/uploads\/2021\/07\/logo-en.png 418w, https:\/\/drago-petrcani.com\/wp-content\/uploads\/2021\/07\/logo-en-300x47.png 300w, https:\/\/drago-petrcani.com\/wp-content\/uploads\/2021\/07\/logo-en-16x2.png 16w\" sizes=\"(max-width: 300px) 100vw, 300px\" \/><\/p><p style=\"text-align: center;\">DRAGO BLAGOJEVI\u0106<\/p><p style=\"text-align: center;\">Ulica V kbr. 96<br \/>23231 PETR\u010cANE<br \/>ZADAR, HRVATSKA<br \/>tel: +385 43 234 644<br \/>fax: +385 43 235 518<br \/>gsm: +385 98 730 200<br \/>+385 98 730 201<br \/>marija@travar-mb.hr<\/p>\t\t\t\t\t\t<\/div>\n\t\t\t\t<\/div>\n\t\t\t\t\t<\/div>\n\t\t<\/div>\n\t\t\t\t<div class=\"elementor-column elementor-col-50 elementor-top-column elementor-element elementor-element-4e729dc\" data-id=\"4e729dc\" data-element_type=\"column\">\n\t\t\t<div class=\"elementor-widget-wrap elementor-element-populated\">\n\t\t\t\t\t\t<div class=\"elementor-element elementor-element-0b0e079 elementor-widget elementor-widget-heading\" data-id=\"0b0e079\" data-element_type=\"widget\" data-widget_type=\"heading.default\">\n\t\t\t\t<div class=\"elementor-widget-container\">\n\t\t\t<h2 class=\"elementor-heading-title elementor-size-default\">Send mesage<\/h2>\t\t<\/div>\n\t\t\t\t<\/div>\n\t\t\t\t<div class=\"elementor-element elementor-element-50a6401 elementor-widget elementor-widget-shortcode\" data-id=\"50a6401\" data-element_type=\"widget\" data-widget_type=\"shortcode.default\">\n\t\t\t\t<div class=\"elementor-widget-container\">\n\t\t\t\t\t<div class=\"elementor-shortcode\">\n\n<div class=\"wpforms-container wpforms-container-full\" id=\"wpforms-7217\"><form id=\"wpforms-form-7217\" class=\"wpforms-validate wpforms-form\" data-formid=\"7217\" method=\"post\" enctype=\"multipart\/form-data\" action=\"\/wp-json\/wp\/v2\/pages\/1132\" data-token=\"215782ec1c09babb4f75d4c0baf84485\" data-trp-original-action=\"\/en\/wp-json\/wp\/v2\/pages\/1132\"><noscript class=\"wpforms-error-noscript\">Please enable JavaScript in your browser to complete this form.<\/noscript><div class=\"wpforms-field-container\"><div id=\"wpforms-7217-field_1-container\" class=\"wpforms-field wpforms-field-name wpforms-one-half wpforms-first\" data-field-id=\"1\"><label class=\"wpforms-field-label\" for=\"wpforms-7217-field_1\">Name and surname <span class=\"wpforms-required-label\">*<\/span><\/label><input type=\"text\" id=\"wpforms-7217-field_1\" class=\"wpforms-field-large wpforms-field-required\" name=\"wpforms[fields][1]\" placeholder=\"Name and surname\" required><\/div><div id=\"wpforms-7217-field_11-container\" class=\"wpforms-field wpforms-field-text wpforms-one-half wpforms-one-half\" data-field-id=\"11\"><label class=\"wpforms-field-label\" for=\"wpforms-7217-field_11\">Adress<\/label><input type=\"text\" id=\"wpforms-7217-field_11\" class=\"wpforms-field-large\" name=\"wpforms[fields][11]\" placeholder=\"Ulica i broj\" ><\/div><div id=\"wpforms-7217-field_2-container\" class=\"wpforms-field wpforms-field-name wpforms-one-half wpforms-first\" data-field-id=\"2\"><label class=\"wpforms-field-label\" for=\"wpforms-7217-field_2\">City <span class=\"wpforms-required-label\">*<\/span><\/label><input type=\"text\" id=\"wpforms-7217-field_2\" class=\"wpforms-field-large wpforms-field-required\" name=\"wpforms[fields][2]\" placeholder=\"City\" required><\/div><div id=\"wpforms-7217-field_12-container\" class=\"wpforms-field wpforms-field-name wpforms-one-half wpforms-one-half\" data-field-id=\"12\"><label class=\"wpforms-field-label\" for=\"wpforms-7217-field_12\">Zip code <span class=\"wpforms-required-label\">*<\/span><\/label><input type=\"text\" id=\"wpforms-7217-field_12\" class=\"wpforms-field-large wpforms-field-required\" name=\"wpforms[fields][12]\" placeholder=\"Zip code\" required><\/div><div id=\"wpforms-7217-field_3-container\" class=\"wpforms-field wpforms-field-name wpforms-one-half wpforms-first\" data-field-id=\"3\"><label class=\"wpforms-field-label\" for=\"wpforms-7217-field_3\">Country <span class=\"wpforms-required-label\">*<\/span><\/label><input type=\"text\" id=\"wpforms-7217-field_3\" class=\"wpforms-field-large wpforms-field-required\" name=\"wpforms[fields][3]\" placeholder=\"Country\" required><\/div><div id=\"wpforms-7217-field_13-container\" class=\"wpforms-field wpforms-field-name wpforms-one-half\" data-field-id=\"13\"><label class=\"wpforms-field-label\" for=\"wpforms-7217-field_13\">Email <span class=\"wpforms-required-label\">*<\/span><\/label><input type=\"text\" id=\"wpforms-7217-field_13\" class=\"wpforms-field-large wpforms-field-required\" name=\"wpforms[fields][13]\" placeholder=\"Email\" required><\/div><div id=\"wpforms-7217-field_4-container\" class=\"wpforms-field wpforms-field-name\" data-field-id=\"4\"><label class=\"wpforms-field-label\" for=\"wpforms-7217-field_4\">Telephone <span class=\"wpforms-required-label\">*<\/span><\/label><input type=\"text\" id=\"wpforms-7217-field_4\" class=\"wpforms-field-large wpforms-field-required\" name=\"wpforms[fields][4]\" placeholder=\"Telephone\" required><\/div><div id=\"wpforms-7217-field_5-container\" class=\"wpforms-field wpforms-field-select wpforms-one-half wpforms-first wpforms-field-select-style-classic\" data-field-id=\"5\"><label class=\"wpforms-field-label\" for=\"wpforms-7217-field_5\">Apartment<\/label><select id=\"wpforms-7217-field_5\" class=\"wpforms-field-medium\" name=\"wpforms[fields][5]\"><option value=\"Odaberite apartman\" >Apartment<\/option><option value=\"Apartman A1\" >Apartment A1<\/option><option value=\"Apartman A2\" >Apartment A2<\/option><option value=\"Apartman A3\" >Apartment A3<\/option><option value=\"Apartman A4\" >Apartment A4<\/option><option value=\"Apartman A5\" >Apartment A5<\/option><option value=\"Apartman A6\" >Apartment A6<\/option><option value=\"Apartman A7\" >Apartment A7<\/option><option value=\"Apartman A8\" >Apartment A8<\/option><\/select><\/div><div id=\"wpforms-7217-field_6-container\" class=\"wpforms-field wpforms-field-select wpforms-one-half wpforms-field-select-style-classic\" data-field-id=\"6\"><label class=\"wpforms-field-label\" for=\"wpforms-7217-field_6\">Room<\/label><select id=\"wpforms-7217-field_6\" class=\"wpforms-field-large\" name=\"wpforms[fields][6]\"><option value=\"Odaberite sobu\" >Room<\/option><option value=\"Soba S1\" >Room S1<\/option><option value=\"Soba S2\" >Room S2<\/option><option value=\"Soba S3\" >Room S3<\/option><\/select><\/div><div id=\"wpforms-7217-field_7-container\" class=\"wpforms-field wpforms-field-date-time wpforms-one-half wpforms-first\" data-field-id=\"7\"><label class=\"wpforms-field-label\" for=\"wpforms-7217-field_7\">Date from<\/label><div class=\"wpforms-datepicker-wrap\"><input type=\"text\" id=\"wpforms-7217-field_7\" class=\"wpforms-field-date-time-date wpforms-datepicker wpforms-field-large\" data-date-format=\"d\/m\/Y\" data-disable-past-dates=\"0\" data-input=\"true\" name=\"wpforms[fields][7][date]\" ><a title=\"Clear Date\" data-clear class=\"wpforms-datepicker-clear\" style=\"display:none;\"><\/a><\/div><\/div><div id=\"wpforms-7217-field_8-container\" class=\"wpforms-field wpforms-field-date-time wpforms-one-half\" data-field-id=\"8\"><label class=\"wpforms-field-label\" for=\"wpforms-7217-field_8\">Date to<\/label><div class=\"wpforms-datepicker-wrap\"><input type=\"text\" id=\"wpforms-7217-field_8\" class=\"wpforms-field-date-time-date wpforms-datepicker wpforms-field-large\" data-date-format=\"d\/m\/Y\" data-disable-past-dates=\"0\" data-input=\"true\" name=\"wpforms[fields][8][date]\" ><a title=\"Clear Date\" data-clear class=\"wpforms-datepicker-clear\" style=\"display:none;\"><\/a><\/div><\/div><div id=\"wpforms-7217-field_9-container\" class=\"wpforms-field wpforms-field-checkbox\" data-field-id=\"9\"><label class=\"wpforms-field-label\" for=\"wpforms-7217-field_9\">Extra bed<\/label><ul id=\"wpforms-7217-field_9\"><li class=\"choice-1 depth-1\"><input type=\"checkbox\" id=\"wpforms-7217-field_9_1\" name=\"wpforms[fields][9][]\" value=\"DA\"  ><label class=\"wpforms-field-label-inline\" for=\"wpforms-7217-field_9_1\">YES<\/label><\/li><li class=\"choice-2 depth-1\"><input type=\"checkbox\" id=\"wpforms-7217-field_9_2\" name=\"wpforms[fields][9][]\" value=\"NE\"  ><label class=\"wpforms-field-label-inline\" for=\"wpforms-7217-field_9_2\">NO<\/label><\/li><\/ul><\/div><div id=\"wpforms-7217-field_10-container\" class=\"wpforms-field wpforms-field-textarea\" data-field-id=\"10\"><label class=\"wpforms-field-label\" for=\"wpforms-7217-field_10\">Message<\/label><textarea id=\"wpforms-7217-field_10\" class=\"wpforms-field-medium\" name=\"wpforms[fields][10]\" ><\/textarea><\/div><\/div><input type=\"hidden\" name=\"wpforms[recaptcha]\" value=\"\"><div class=\"wpforms-submit-container\" ><input type=\"hidden\" name=\"wpforms[id]\" value=\"7217\"><input type=\"hidden\" name=\"wpforms[author]\" value=\"1\"><button type=\"submit\" name=\"wpforms[submit]\" class=\"wpforms-submit\" id=\"wpforms-submit-7217\" value=\"wpforms-submit\" aria-live=\"assertive\" data-alt-text=\"\u0160aljem...\" data-submit-text=\"Po\u0161alji\">Send<\/button><\/div><input type=\"hidden\" name=\"trp-form-language\" value=\"en\"\/><\/form><\/div>  <!-- .wpforms-container --><\/div>\n\t\t\t\t<\/div>\n\t\t\t\t<\/div>\n\t\t\t\t\t<\/div>\n\t\t<\/div>\n\t\t\t\t\t<\/div>\n\t\t<\/section>\n\t\t\t\t<\/div>","protected":false},"excerpt":{"rendered":"<p>Kontakt: DRAGO BLAGOJEVI\u0106 Ulica V kbr. 9623231 PETR\u010cANEZADAR, HRVATSKAtel: +385 43 234 644fax: +385 43 235 518gsm: +385 98 730 200+385 98 730 201marija@travar-mb.hr Po\u0161aljite poruku<\/p>","protected":false},"author":1,"featured_media":0,"parent":0,"menu_order":0,"comment_status":"closed","ping_status":"closed","template":"template-fullwidth-no-heading.php","meta":{"footnotes":""},"class_list":["post-1132","page","type-page","status-publish","hentry"],"_links":{"self":[{"href":"https:\/\/drago-petrcani.com\/en\/wp-json\/wp\/v2\/pages\/1132","targetHints":{"allow":["GET"]}}],"collection":[{"href":"https:\/\/drago-petrcani.com\/en\/wp-json\/wp\/v2\/pages"}],"about":[{"href":"https:\/\/drago-petrcani.com\/en\/wp-json\/wp\/v2\/types\/page"}],"author":[{"embeddable":true,"href":"https:\/\/drago-petrcani.com\/en\/wp-json\/wp\/v2\/users\/1"}],"replies":[{"embeddable":true,"href":"https:\/\/drago-petrcani.com\/en\/wp-json\/wp\/v2\/comments?post=1132"}],"version-history":[{"count":29,"href":"https:\/\/drago-petrcani.com\/en\/wp-json\/wp\/v2\/pages\/1132\/revisions"}],"predecessor-version":[{"id":7232,"href":"https:\/\/drago-petrcani.com\/en\/wp-json\/wp\/v2\/pages\/1132\/revisions\/7232"}],"wp:attachment":[{"href":"https:\/\/drago-petrcani.com\/en\/wp-json\/wp\/v2\/media?parent=1132"}],"curies":[{"name":"wp","href":"https:\/\/api.w.org\/{rel}","templated":true}]}}