{"id":7112,"date":"2021-07-30T09:57:41","date_gmt":"2021-07-30T07:57:41","guid":{"rendered":"https:\/\/drago-apartmani.com\/?page_id=7112"},"modified":"2021-08-12T13:58:53","modified_gmt":"2021-08-12T11:58:53","slug":"apartman-a6","status":"publish","type":"page","link":"https:\/\/drago-petrcani.com\/en\/apartman-a6\/","title":{"rendered":"Apartment A6"},"content":{"rendered":"<div data-elementor-type=\"wp-page\" data-elementor-id=\"7112\" class=\"elementor elementor-7112\" data-elementor-post-type=\"page\">\n\t\t\t\t\t\t<section class=\"elementor-section elementor-top-section elementor-element elementor-element-67acf0e3 elementor-section-full_width elementor-section-height-default elementor-section-height-default\" data-id=\"67acf0e3\" data-element_type=\"section\" data-settings=\"{&quot;background_background&quot;:&quot;classic&quot;}\">\n\t\t\t\t\t\t<div class=\"elementor-container elementor-column-gap-default\">\n\t\t\t\t\t<div class=\"elementor-column elementor-col-100 elementor-top-column elementor-element elementor-element-15cbbcd4\" data-id=\"15cbbcd4\" data-element_type=\"column\">\n\t\t\t<div class=\"elementor-widget-wrap\">\n\t\t\t\t\t\t\t<\/div>\n\t\t<\/div>\n\t\t\t\t\t<\/div>\n\t\t<\/section>\n\t\t\t\t<section class=\"elementor-section elementor-top-section elementor-element elementor-element-753fa163 elementor-section-boxed elementor-section-height-default elementor-section-height-default\" data-id=\"753fa163\" data-element_type=\"section\" data-settings=\"{&quot;background_background&quot;:&quot;classic&quot;}\">\n\t\t\t\t\t\t<div class=\"elementor-container elementor-column-gap-default\">\n\t\t\t\t\t<div class=\"elementor-column elementor-col-100 elementor-top-column elementor-element elementor-element-1231dba\" data-id=\"1231dba\" data-element_type=\"column\">\n\t\t\t<div class=\"elementor-widget-wrap elementor-element-populated\">\n\t\t\t\t\t\t\t<\/div>\n\t\t<\/div>\n\t\t\t\t\t<\/div>\n\t\t<\/section>\n\t\t\t\t<section class=\"elementor-section elementor-top-section elementor-element elementor-element-3272fce6 elementor-section-boxed elementor-section-height-default elementor-section-height-default\" data-id=\"3272fce6\" data-element_type=\"section\">\n\t\t\t\t\t\t<div class=\"elementor-container elementor-column-gap-default\">\n\t\t\t\t\t<div class=\"elementor-column elementor-col-100 elementor-top-column elementor-element elementor-element-6b49c492\" data-id=\"6b49c492\" data-element_type=\"column\">\n\t\t\t<div class=\"elementor-widget-wrap elementor-element-populated\">\n\t\t\t\t\t\t<div class=\"elementor-element elementor-element-74d76342 elementor-widget elementor-widget-spacer\" data-id=\"74d76342\" data-element_type=\"widget\" data-widget_type=\"spacer.default\">\n\t\t\t\t<div class=\"elementor-widget-container\">\n\t\t\t\t\t<div class=\"elementor-spacer\">\n\t\t\t<div class=\"elementor-spacer-inner\"><\/div>\n\t\t<\/div>\n\t\t\t\t<\/div>\n\t\t\t\t<\/div>\n\t\t\t\t\t<\/div>\n\t\t<\/div>\n\t\t\t\t\t<\/div>\n\t\t<\/section>\n\t\t\t\t<section class=\"elementor-section elementor-top-section elementor-element elementor-element-c55194e elementor-section-boxed elementor-section-height-default elementor-section-height-default\" data-id=\"c55194e\" data-element_type=\"section\">\n\t\t\t\t\t\t<div class=\"elementor-container elementor-column-gap-default\">\n\t\t\t\t\t<div class=\"elementor-column elementor-col-100 elementor-top-column elementor-element elementor-element-bcf8769\" data-id=\"bcf8769\" data-element_type=\"column\">\n\t\t\t<div class=\"elementor-widget-wrap elementor-element-populated\">\n\t\t\t\t\t\t<div class=\"elementor-element elementor-element-1509ccd gallery-spacing-custom elementor-widget elementor-widget-image-gallery\" data-id=\"1509ccd\" data-element_type=\"widget\" data-widget_type=\"image-gallery.default\">\n\t\t\t\t<div class=\"elementor-widget-container\">\n\t\t\t\t\t<div class=\"elementor-image-gallery\">\n\t\t\t<div id='gallery-1' class='gallery galleryid-7112 gallery-columns-4 gallery-size-medium'><figure class='gallery-item'>\n\t\t\t<div class='gallery-icon portrait'>\n\t\t\t\t<a data-elementor-open-lightbox=\"yes\" data-elementor-lightbox-slideshow=\"1509ccd\" data-elementor-lightbox-title=\"4\" data-e-action-hash=\"#elementor-action%3Aaction%3Dlightbox%26settings%3DeyJpZCI6NzM0MSwidXJsIjoiaHR0cHM6XC9cL2RyYWdvLXBldHJjYW5pLmNvbVwvd3AtY29udGVudFwvdXBsb2Fkc1wvMjAyMVwvMDhcLzQtMi5qcGciLCJzbGlkZXNob3ciOiIxNTA5Y2NkIn0%3D\" href='https:\/\/drago-petrcani.com\/wp-content\/uploads\/2021\/08\/4-2.jpg'><img fetchpriority=\"high\" decoding=\"async\" width=\"225\" height=\"300\" src=\"https:\/\/drago-petrcani.com\/wp-content\/uploads\/2021\/08\/4-2-225x300.jpg\" class=\"attachment-medium size-medium\" alt=\"\" srcset=\"https:\/\/drago-petrcani.com\/wp-content\/uploads\/2021\/08\/4-2-225x300.jpg 225w, https:\/\/drago-petrcani.com\/wp-content\/uploads\/2021\/08\/4-2-9x12.jpg 9w, https:\/\/drago-petrcani.com\/wp-content\/uploads\/2021\/08\/4-2-441x588.jpg 441w, https:\/\/drago-petrcani.com\/wp-content\/uploads\/2021\/08\/4-2.jpg 750w\" sizes=\"(max-width: 360px) 147px, (max-width: 225px) 100vw, 225px\" \/><\/a>\n\t\t\t<\/div><\/figure><figure class='gallery-item'>\n\t\t\t<div class='gallery-icon portrait'>\n\t\t\t\t<a data-elementor-open-lightbox=\"yes\" data-elementor-lightbox-slideshow=\"1509ccd\" data-elementor-lightbox-title=\"3\" data-e-action-hash=\"#elementor-action%3Aaction%3Dlightbox%26settings%3DeyJpZCI6NzM0MCwidXJsIjoiaHR0cHM6XC9cL2RyYWdvLXBldHJjYW5pLmNvbVwvd3AtY29udGVudFwvdXBsb2Fkc1wvMjAyMVwvMDhcLzMtMi5qcGciLCJzbGlkZXNob3ciOiIxNTA5Y2NkIn0%3D\" href='https:\/\/drago-petrcani.com\/wp-content\/uploads\/2021\/08\/3-2.jpg'><img decoding=\"async\" width=\"225\" height=\"300\" src=\"https:\/\/drago-petrcani.com\/wp-content\/uploads\/2021\/08\/3-2-225x300.jpg\" class=\"attachment-medium size-medium\" alt=\"\" srcset=\"https:\/\/drago-petrcani.com\/wp-content\/uploads\/2021\/08\/3-2-225x300.jpg 225w, https:\/\/drago-petrcani.com\/wp-content\/uploads\/2021\/08\/3-2-9x12.jpg 9w, https:\/\/drago-petrcani.com\/wp-content\/uploads\/2021\/08\/3-2-441x588.jpg 441w, https:\/\/drago-petrcani.com\/wp-content\/uploads\/2021\/08\/3-2.jpg 750w\" sizes=\"(max-width: 360px) 147px, (max-width: 225px) 100vw, 225px\" \/><\/a>\n\t\t\t<\/div><\/figure><figure class='gallery-item'>\n\t\t\t<div class='gallery-icon portrait'>\n\t\t\t\t<a data-elementor-open-lightbox=\"yes\" data-elementor-lightbox-slideshow=\"1509ccd\" data-elementor-lightbox-title=\"2\" data-e-action-hash=\"#elementor-action%3Aaction%3Dlightbox%26settings%3DeyJpZCI6NzMzOSwidXJsIjoiaHR0cHM6XC9cL2RyYWdvLXBldHJjYW5pLmNvbVwvd3AtY29udGVudFwvdXBsb2Fkc1wvMjAyMVwvMDhcLzItMi5qcGciLCJzbGlkZXNob3ciOiIxNTA5Y2NkIn0%3D\" href='https:\/\/drago-petrcani.com\/wp-content\/uploads\/2021\/08\/2-2.jpg'><img decoding=\"async\" width=\"225\" height=\"300\" src=\"https:\/\/drago-petrcani.com\/wp-content\/uploads\/2021\/08\/2-2-225x300.jpg\" class=\"attachment-medium size-medium\" alt=\"\" srcset=\"https:\/\/drago-petrcani.com\/wp-content\/uploads\/2021\/08\/2-2-225x300.jpg 225w, https:\/\/drago-petrcani.com\/wp-content\/uploads\/2021\/08\/2-2-9x12.jpg 9w, https:\/\/drago-petrcani.com\/wp-content\/uploads\/2021\/08\/2-2-441x588.jpg 441w, https:\/\/drago-petrcani.com\/wp-content\/uploads\/2021\/08\/2-2.jpg 750w\" sizes=\"(max-width: 360px) 147px, (max-width: 225px) 100vw, 225px\" \/><\/a>\n\t\t\t<\/div><\/figure><figure class='gallery-item'>\n\t\t\t<div class='gallery-icon portrait'>\n\t\t\t\t<a data-elementor-open-lightbox=\"yes\" data-elementor-lightbox-slideshow=\"1509ccd\" data-elementor-lightbox-title=\"1\" data-e-action-hash=\"#elementor-action%3Aaction%3Dlightbox%26settings%3DeyJpZCI6NzMzOCwidXJsIjoiaHR0cHM6XC9cL2RyYWdvLXBldHJjYW5pLmNvbVwvd3AtY29udGVudFwvdXBsb2Fkc1wvMjAyMVwvMDhcLzEtMi5qcGciLCJzbGlkZXNob3ciOiIxNTA5Y2NkIn0%3D\" href='https:\/\/drago-petrcani.com\/wp-content\/uploads\/2021\/08\/1-2.jpg'><img loading=\"lazy\" decoding=\"async\" width=\"225\" height=\"300\" src=\"https:\/\/drago-petrcani.com\/wp-content\/uploads\/2021\/08\/1-2-225x300.jpg\" class=\"attachment-medium size-medium\" alt=\"\" srcset=\"https:\/\/drago-petrcani.com\/wp-content\/uploads\/2021\/08\/1-2-225x300.jpg 225w, https:\/\/drago-petrcani.com\/wp-content\/uploads\/2021\/08\/1-2-9x12.jpg 9w, https:\/\/drago-petrcani.com\/wp-content\/uploads\/2021\/08\/1-2-441x588.jpg 441w, https:\/\/drago-petrcani.com\/wp-content\/uploads\/2021\/08\/1-2.jpg 750w\" sizes=\"(max-width: 360px) 147px, (max-width: 225px) 100vw, 225px\" \/><\/a>\n\t\t\t<\/div><\/figure>\n\t\t<\/div>\n\t\t<\/div>\n\t\t\t\t<\/div>\n\t\t\t\t<\/div>\n\t\t\t\t\t<\/div>\n\t\t<\/div>\n\t\t\t\t\t<\/div>\n\t\t<\/section>\n\t\t\t\t<section class=\"elementor-section elementor-top-section elementor-element elementor-element-458347d elementor-section-boxed elementor-section-height-default elementor-section-height-default\" data-id=\"458347d\" data-element_type=\"section\">\n\t\t\t\t\t\t<div class=\"elementor-container elementor-column-gap-default\">\n\t\t\t\t\t<div class=\"elementor-column elementor-col-50 elementor-top-column elementor-element elementor-element-a88625f\" data-id=\"a88625f\" data-element_type=\"column\">\n\t\t\t<div class=\"elementor-widget-wrap elementor-element-populated\">\n\t\t\t\t\t\t<div class=\"elementor-element elementor-element-f6a1308 elementor-widget elementor-widget-text-editor\" data-id=\"f6a1308\" data-element_type=\"widget\" data-widget_type=\"text-editor.default\">\n\t\t\t\t<div class=\"elementor-widget-container\">\n\t\t\t\t\t\t\t<h2><span style=\"color: #ff6600;\"><strong>Star rating ***<\/strong><\/span><\/h2><p>0. floor<\/p><p>Number of bathroom with shower: 1<\/p><p>Lounge and kitchen are in one room<\/p><p>Size (lounge, dining-room and kitchen) 20 m2<\/p><p>Terrace (yard)<\/p><p>Satellite TV<\/p><p>Cot (service available at your request)<\/p><p>Iron (service available at your request)<\/p><p>Kitchen utensils and tableware according to the number of persons<\/p><p>Refrigerator<\/p><p>Hairdryer (service available at your request)<\/p><p>Washing machine (service available upon agreement with other guests)<\/p><p>Cleaning 1x a week<\/p><p>Smoking allowed in apartment<\/p><p>View of: garden (room), sea (lounge)<\/p>\t\t\t\t\t\t<\/div>\n\t\t\t\t<\/div>\n\t\t\t\t\t<\/div>\n\t\t<\/div>\n\t\t\t\t<div class=\"elementor-column elementor-col-50 elementor-top-column elementor-element elementor-element-1e5a1fe\" data-id=\"1e5a1fe\" data-element_type=\"column\">\n\t\t\t<div class=\"elementor-widget-wrap elementor-element-populated\">\n\t\t\t\t\t\t<div class=\"elementor-element elementor-element-f7702e3 elementor-widget elementor-widget-text-editor\" data-id=\"f7702e3\" data-element_type=\"widget\" data-widget_type=\"text-editor.default\">\n\t\t\t\t<div class=\"elementor-widget-container\">\n\t\t\t\t\t\t\t<h2><span style=\"color: #ff6600;\"><strong>Room 1:<\/strong><\/span><\/h2><p>Total number of beds in rooms: 2<\/p><p>Number of twin beds: 1<\/p><p>Room size is 9 m2<\/p>\t\t\t\t\t\t<\/div>\n\t\t\t\t<\/div>\n\t\t\t\t\t<\/div>\n\t\t<\/div>\n\t\t\t\t\t<\/div>\n\t\t<\/section>\n\t\t\t\t<section class=\"elementor-section elementor-top-section elementor-element elementor-element-24707cea elementor-section-full_width elementor-section-height-default elementor-section-height-default\" data-id=\"24707cea\" data-element_type=\"section\" data-settings=\"{&quot;background_background&quot;:&quot;classic&quot;}\">\n\t\t\t\t\t\t<div class=\"elementor-container elementor-column-gap-default\">\n\t\t\t\t\t<div class=\"elementor-column elementor-col-100 elementor-top-column elementor-element elementor-element-698bb452\" data-id=\"698bb452\" data-element_type=\"column\">\n\t\t\t<div class=\"elementor-widget-wrap elementor-element-populated\">\n\t\t\t\t\t\t<div class=\"elementor-element elementor-element-50d46757 elementor-align-center elementor-widget elementor-widget-button\" data-id=\"50d46757\" data-element_type=\"widget\" data-widget_type=\"button.default\">\n\t\t\t\t<div class=\"elementor-widget-container\">\n\t\t\t\t\t\t\t<div class=\"elementor-button-wrapper\">\n\t\t\t\t\t<a class=\"elementor-button elementor-button-link elementor-size-sm\" href=\"https:\/\/drago-petrcani.com\/en\/contact-us\/\">\n\t\t\t\t\t\t<span class=\"elementor-button-content-wrapper\">\n\t\t\t\t\t\t\t\t\t<span class=\"elementor-button-text\">RESERVATION<\/span>\n\t\t\t\t\t<\/span>\n\t\t\t\t\t<\/a>\n\t\t\t\t<\/div>\n\t\t\t\t\t\t<\/div>\n\t\t\t\t<\/div>\n\t\t\t\t\t<\/div>\n\t\t<\/div>\n\t\t\t\t\t<\/div>\n\t\t<\/section>\n\t\t\t\t<\/div>","protected":false},"excerpt":{"rendered":"<p>Kategorija *** prizemlje Broj kupaonica s tus kadom : 1 Boravak i kuhinja su u jednoj prostoriji Povrsina (boravka, blagovaone i kuhinje) 20 m2 Terasa (dvoriste) Televizor sa satelitskim programom Dje\u010dji kreveti\u0107 (usluga na zahtjev) Gla\u010dalo (usluga na zahtjev) Posude za pripremanje i serviranje hrane i pi\u0107a, te pribor za jelo u odgovaraju\u0107im koli\u010dinama Hladnjak [&hellip;]<\/p>","protected":false},"author":1,"featured_media":0,"parent":0,"menu_order":0,"comment_status":"closed","ping_status":"closed","template":"template-canvas.php","meta":{"footnotes":""},"class_list":["post-7112","page","type-page","status-publish","hentry"],"_links":{"self":[{"href":"https:\/\/drago-petrcani.com\/en\/wp-json\/wp\/v2\/pages\/7112","targetHints":{"allow":["GET"]}}],"collection":[{"href":"https:\/\/drago-petrcani.com\/en\/wp-json\/wp\/v2\/pages"}],"about":[{"href":"https:\/\/drago-petrcani.com\/en\/wp-json\/wp\/v2\/types\/page"}],"author":[{"embeddable":true,"href":"https:\/\/drago-petrcani.com\/en\/wp-json\/wp\/v2\/users\/1"}],"replies":[{"embeddable":true,"href":"https:\/\/drago-petrcani.com\/en\/wp-json\/wp\/v2\/comments?post=7112"}],"version-history":[{"count":12,"href":"https:\/\/drago-petrcani.com\/en\/wp-json\/wp\/v2\/pages\/7112\/revisions"}],"predecessor-version":[{"id":7345,"href":"https:\/\/drago-petrcani.com\/en\/wp-json\/wp\/v2\/pages\/7112\/revisions\/7345"}],"wp:attachment":[{"href":"https:\/\/drago-petrcani.com\/en\/wp-json\/wp\/v2\/media?parent=7112"}],"curies":[{"name":"wp","href":"https:\/\/api.w.org\/{rel}","templated":true}]}}